{"id":368,"date":"2020-01-28T15:04:55","date_gmt":"2020-01-28T14:04:55","guid":{"rendered":"http:\/\/www.academie.dao-be.com\/?page_id=368"},"modified":"2022-06-17T12:27:27","modified_gmt":"2022-06-17T10:27:27","slug":"formation-diverse","status":"publish","type":"page","link":"https:\/\/www.academie.dao-be.com\/index.php\/formation\/formation-diverse\/","title":{"rendered":"Formation Diverse"},"content":{"rendered":"\t\t<div data-elementor-type=\"wp-post\" data-elementor-id=\"368\" class=\"elementor elementor-368\" data-elementor-settings=\"[]\">\n\t\t\t\t\t\t<div class=\"elementor-inner\">\n\t\t\t\t\t\t\t<div class=\"elementor-section-wrap\">\n\t\t\t\t\t\t\t<section class=\"elementor-section elementor-top-section elementor-element elementor-element-d352c51 elementor-section-stretched elementor-section-full_width elementor-section-height-default elementor-section-height-default\" data-id=\"d352c51\" data-element_type=\"section\" data-settings=\"{&quot;stretch_section&quot;:&quot;section-stretched&quot;,&quot;background_background&quot;:&quot;classic&quot;}\">\n\t\t\t\t\t\t<div class=\"elementor-container elementor-column-gap-default\">\n\t\t\t\t\t\t\t<div class=\"elementor-row\">\n\t\t\t\t\t<div class=\"elementor-column elementor-col-66 elementor-top-column elementor-element elementor-element-c26391a\" data-id=\"c26391a\" data-element_type=\"column\">\n\t\t\t<div class=\"elementor-column-wrap elementor-element-populated\">\n\t\t\t\t\t\t\t<div class=\"elementor-widget-wrap\">\n\t\t\t\t\t\t<div class=\"elementor-element elementor-element-5d6cb0f elementor-widget elementor-widget-spacer\" data-id=\"5d6cb0f\" data-element_type=\"widget\" data-widget_type=\"spacer.default\">\n\t\t\t\t<div class=\"elementor-widget-container\">\n\t\t\t\t\t<div class=\"elementor-spacer\">\n\t\t\t<div class=\"elementor-spacer-inner\"><\/div>\n\t\t<\/div>\n\t\t\t\t<\/div>\n\t\t\t\t<\/div>\n\t\t\t\t<section class=\"elementor-section elementor-inner-section elementor-element elementor-element-c49a973 elementor-hidden-desktop elementor-hidden-tablet elementor-hidden-phone elementor-section-boxed elementor-section-height-default elementor-section-height-default\" data-id=\"c49a973\" data-element_type=\"section\">\n\t\t\t\t\t\t<div class=\"elementor-container elementor-column-gap-default\">\n\t\t\t\t\t\t\t<div class=\"elementor-row\">\n\t\t\t\t\t<div class=\"elementor-column elementor-col-25 elementor-inner-column elementor-element elementor-element-c900908\" data-id=\"c900908\" data-element_type=\"column\">\n\t\t\t<div class=\"elementor-column-wrap elementor-element-populated\">\n\t\t\t\t\t\t\t<div class=\"elementor-widget-wrap\">\n\t\t\t\t\t\t<div class=\"elementor-element elementor-element-2441fa8 elementor-widget elementor-widget-image\" data-id=\"2441fa8\" data-element_type=\"widget\" data-widget_type=\"image.default\">\n\t\t\t\t<div class=\"elementor-widget-container\">\n\t\t\t\t\t<div class=\"elementor-image\">\n\t\t\t\t\t\t\t\t\t\t<img width=\"395\" height=\"461\" src=\"https:\/\/www.academie.dao-be.com\/wp-content\/uploads\/2020\/02\/Diverse.png\" class=\"attachment-large size-large\" alt=\"\" loading=\"lazy\" srcset=\"https:\/\/www.academie.dao-be.com\/wp-content\/uploads\/2020\/02\/Diverse.png 395w, https:\/\/www.academie.dao-be.com\/wp-content\/uploads\/2020\/02\/Diverse-257x300.png 257w\" sizes=\"(max-width: 395px) 100vw, 395px\" \/>\t\t\t\t\t\t\t\t\t\t\t<\/div>\n\t\t\t\t<\/div>\n\t\t\t\t<\/div>\n\t\t\t\t\t\t<\/div>\n\t\t\t\t\t<\/div>\n\t\t<\/div>\n\t\t\t\t<div class=\"elementor-column elementor-col-25 elementor-inner-column elementor-element elementor-element-88faddd\" data-id=\"88faddd\" data-element_type=\"column\">\n\t\t\t<div class=\"elementor-column-wrap elementor-element-populated\">\n\t\t\t\t\t\t\t<div class=\"elementor-widget-wrap\">\n\t\t\t\t\t\t<div class=\"elementor-element elementor-element-a9740d5 elementor-widget elementor-widget-image\" data-id=\"a9740d5\" data-element_type=\"widget\" data-widget_type=\"image.default\">\n\t\t\t\t<div class=\"elementor-widget-container\">\n\t\t\t\t\t<div class=\"elementor-image\">\n\t\t\t\t\t\t\t\t\t\t\t<a href=\"http:\/\/www.academie.dao-be.com\/index.php\/formation-metier\/\">\n\t\t\t\t\t\t\t<img width=\"395\" height=\"461\" src=\"https:\/\/www.academie.dao-be.com\/wp-content\/uploads\/2020\/01\/M\u00e9tier.png\" class=\"attachment-medium_large size-medium_large\" alt=\"\" loading=\"lazy\" srcset=\"https:\/\/www.academie.dao-be.com\/wp-content\/uploads\/2020\/01\/M\u00e9tier.png 395w, https:\/\/www.academie.dao-be.com\/wp-content\/uploads\/2020\/01\/M\u00e9tier-257x300.png 257w\" sizes=\"(max-width: 395px) 100vw, 395px\" \/>\t\t\t\t\t\t\t\t<\/a>\n\t\t\t\t\t\t\t\t\t\t\t<\/div>\n\t\t\t\t<\/div>\n\t\t\t\t<\/div>\n\t\t\t\t\t\t<\/div>\n\t\t\t\t\t<\/div>\n\t\t<\/div>\n\t\t\t\t<div class=\"elementor-column elementor-col-25 elementor-inner-column elementor-element elementor-element-403a6f8\" data-id=\"403a6f8\" data-element_type=\"column\">\n\t\t\t<div class=\"elementor-column-wrap elementor-element-populated\">\n\t\t\t\t\t\t\t<div class=\"elementor-widget-wrap\">\n\t\t\t\t\t\t<div class=\"elementor-element elementor-element-4f48bb0 elementor-widget elementor-widget-image\" data-id=\"4f48bb0\" data-element_type=\"widget\" data-widget_type=\"image.default\">\n\t\t\t\t<div class=\"elementor-widget-container\">\n\t\t\t\t\t<div class=\"elementor-image\">\n\t\t\t\t\t\t\t\t\t\t\t<a href=\"http:\/\/www.academie.dao-be.com\/index.php\/formation-logiciel\/\">\n\t\t\t\t\t\t\t<img width=\"395\" height=\"461\" src=\"https:\/\/www.academie.dao-be.com\/wp-content\/uploads\/2020\/01\/Logiciel.png\" class=\"attachment-large size-large\" alt=\"Bouton Formation Logiciel\" loading=\"lazy\" srcset=\"https:\/\/www.academie.dao-be.com\/wp-content\/uploads\/2020\/01\/Logiciel.png 395w, https:\/\/www.academie.dao-be.com\/wp-content\/uploads\/2020\/01\/Logiciel-257x300.png 257w\" sizes=\"(max-width: 395px) 100vw, 395px\" \/>\t\t\t\t\t\t\t\t<\/a>\n\t\t\t\t\t\t\t\t\t\t\t<\/div>\n\t\t\t\t<\/div>\n\t\t\t\t<\/div>\n\t\t\t\t\t\t<\/div>\n\t\t\t\t\t<\/div>\n\t\t<\/div>\n\t\t\t\t<div class=\"elementor-column elementor-col-25 elementor-inner-column elementor-element elementor-element-442cc23\" data-id=\"442cc23\" data-element_type=\"column\">\n\t\t\t<div class=\"elementor-column-wrap elementor-element-populated\">\n\t\t\t\t\t\t\t<div class=\"elementor-widget-wrap\">\n\t\t\t\t\t\t<div class=\"elementor-element elementor-element-305df97 elementor-widget elementor-widget-image\" data-id=\"305df97\" data-element_type=\"widget\" data-widget_type=\"image.default\">\n\t\t\t\t<div class=\"elementor-widget-container\">\n\t\t\t\t\t<div class=\"elementor-image\">\n\t\t\t\t\t\t\t\t\t\t\t<a href=\"http:\/\/www.academie.dao-be.com\/index.php\/formation-certifiante\/\">\n\t\t\t\t\t\t\t<img width=\"395\" height=\"461\" src=\"https:\/\/www.academie.dao-be.com\/wp-content\/uploads\/2020\/01\/CPF.png\" class=\"attachment-large size-large\" alt=\"\" loading=\"lazy\" srcset=\"https:\/\/www.academie.dao-be.com\/wp-content\/uploads\/2020\/01\/CPF.png 395w, https:\/\/www.academie.dao-be.com\/wp-content\/uploads\/2020\/01\/CPF-257x300.png 257w\" sizes=\"(max-width: 395px) 100vw, 395px\" \/>\t\t\t\t\t\t\t\t<\/a>\n\t\t\t\t\t\t\t\t\t\t\t<\/div>\n\t\t\t\t<\/div>\n\t\t\t\t<\/div>\n\t\t\t\t\t\t<\/div>\n\t\t\t\t\t<\/div>\n\t\t<\/div>\n\t\t\t\t\t\t\t\t<\/div>\n\t\t\t\t\t<\/div>\n\t\t<\/section>\n\t\t\t\t<section class=\"elementor-section elementor-inner-section elementor-element elementor-element-304007a elementor-section-boxed elementor-section-height-default elementor-section-height-default\" data-id=\"304007a\" data-element_type=\"section\">\n\t\t\t\t\t\t<div class=\"elementor-container elementor-column-gap-default\">\n\t\t\t\t\t\t\t<div class=\"elementor-row\">\n\t\t\t\t\t<div class=\"elementor-column elementor-col-25 elementor-inner-column elementor-element elementor-element-76489b5\" data-id=\"76489b5\" data-element_type=\"column\">\n\t\t\t<div class=\"elementor-column-wrap elementor-element-populated\">\n\t\t\t\t\t\t\t<div class=\"elementor-widget-wrap\">\n\t\t\t\t\t\t<div class=\"elementor-element elementor-element-a379bbc elementor-widget elementor-widget-image\" data-id=\"a379bbc\" data-element_type=\"widget\" data-widget_type=\"image.default\">\n\t\t\t\t<div class=\"elementor-widget-container\">\n\t\t\t\t\t<div class=\"elementor-image\">\n\t\t\t\t\t\t\t\t\t\t<img width=\"395\" height=\"461\" src=\"https:\/\/www.academie.dao-be.com\/wp-content\/uploads\/2020\/02\/Diverse.png\" class=\"attachment-large size-large\" alt=\"\" loading=\"lazy\" srcset=\"https:\/\/www.academie.dao-be.com\/wp-content\/uploads\/2020\/02\/Diverse.png 395w, https:\/\/www.academie.dao-be.com\/wp-content\/uploads\/2020\/02\/Diverse-257x300.png 257w\" sizes=\"(max-width: 395px) 100vw, 395px\" \/>\t\t\t\t\t\t\t\t\t\t\t<\/div>\n\t\t\t\t<\/div>\n\t\t\t\t<\/div>\n\t\t\t\t\t\t<\/div>\n\t\t\t\t\t<\/div>\n\t\t<\/div>\n\t\t\t\t<div class=\"elementor-column elementor-col-25 elementor-inner-column elementor-element elementor-element-05da9fa\" data-id=\"05da9fa\" data-element_type=\"column\">\n\t\t\t<div class=\"elementor-column-wrap elementor-element-populated\">\n\t\t\t\t\t\t\t<div class=\"elementor-widget-wrap\">\n\t\t\t\t\t\t<div class=\"elementor-element elementor-element-69d83b9 elementor-widget elementor-widget-image\" data-id=\"69d83b9\" data-element_type=\"widget\" data-widget_type=\"image.default\">\n\t\t\t\t<div class=\"elementor-widget-container\">\n\t\t\t\t\t<div class=\"elementor-image\">\n\t\t\t\t\t\t\t\t\t\t\t<a href=\"http:\/\/www.academie.dao-be.com\/index.php\/formation-metier\/\">\n\t\t\t\t\t\t\t<img width=\"395\" height=\"461\" src=\"https:\/\/www.academie.dao-be.com\/wp-content\/uploads\/2020\/01\/M\u00e9tier.png\" class=\"attachment-medium_large size-medium_large\" alt=\"\" loading=\"lazy\" srcset=\"https:\/\/www.academie.dao-be.com\/wp-content\/uploads\/2020\/01\/M\u00e9tier.png 395w, https:\/\/www.academie.dao-be.com\/wp-content\/uploads\/2020\/01\/M\u00e9tier-257x300.png 257w\" sizes=\"(max-width: 395px) 100vw, 395px\" \/>\t\t\t\t\t\t\t\t<\/a>\n\t\t\t\t\t\t\t\t\t\t\t<\/div>\n\t\t\t\t<\/div>\n\t\t\t\t<\/div>\n\t\t\t\t\t\t<\/div>\n\t\t\t\t\t<\/div>\n\t\t<\/div>\n\t\t\t\t<div class=\"elementor-column elementor-col-25 elementor-inner-column elementor-element elementor-element-d721057\" data-id=\"d721057\" data-element_type=\"column\">\n\t\t\t<div class=\"elementor-column-wrap elementor-element-populated\">\n\t\t\t\t\t\t\t<div class=\"elementor-widget-wrap\">\n\t\t\t\t\t\t<div class=\"elementor-element elementor-element-fbf6f28 elementor-widget elementor-widget-image\" data-id=\"fbf6f28\" data-element_type=\"widget\" data-widget_type=\"image.default\">\n\t\t\t\t<div class=\"elementor-widget-container\">\n\t\t\t\t\t<div class=\"elementor-image\">\n\t\t\t\t\t\t\t\t\t\t\t<a href=\"http:\/\/www.academie.dao-be.com\/index.php\/formation-logiciel\/\">\n\t\t\t\t\t\t\t<img width=\"395\" height=\"461\" src=\"https:\/\/www.academie.dao-be.com\/wp-content\/uploads\/2020\/01\/Logiciel.png\" class=\"attachment-large size-large\" alt=\"Bouton Formation Logiciel\" loading=\"lazy\" srcset=\"https:\/\/www.academie.dao-be.com\/wp-content\/uploads\/2020\/01\/Logiciel.png 395w, https:\/\/www.academie.dao-be.com\/wp-content\/uploads\/2020\/01\/Logiciel-257x300.png 257w\" sizes=\"(max-width: 395px) 100vw, 395px\" \/>\t\t\t\t\t\t\t\t<\/a>\n\t\t\t\t\t\t\t\t\t\t\t<\/div>\n\t\t\t\t<\/div>\n\t\t\t\t<\/div>\n\t\t\t\t\t\t<\/div>\n\t\t\t\t\t<\/div>\n\t\t<\/div>\n\t\t\t\t<div class=\"elementor-column elementor-col-25 elementor-inner-column elementor-element elementor-element-c6b711d\" data-id=\"c6b711d\" data-element_type=\"column\">\n\t\t\t<div class=\"elementor-column-wrap\">\n\t\t\t\t\t\t\t<div class=\"elementor-widget-wrap\">\n\t\t\t\t\t\t\t\t<\/div>\n\t\t\t\t\t<\/div>\n\t\t<\/div>\n\t\t\t\t\t\t\t\t<\/div>\n\t\t\t\t\t<\/div>\n\t\t<\/section>\n\t\t\t\t\t\t<\/div>\n\t\t\t\t\t<\/div>\n\t\t<\/div>\n\t\t\t\t<div class=\"elementor-column elementor-col-33 elementor-top-column elementor-element elementor-element-0dc88cc\" data-id=\"0dc88cc\" data-element_type=\"column\">\n\t\t\t<div class=\"elementor-column-wrap elementor-element-populated\">\n\t\t\t\t\t\t\t<div class=\"elementor-widget-wrap\">\n\t\t\t\t\t\t<div class=\"elementor-element elementor-element-ad2ace3 elementor-search-form--skin-classic elementor-search-form--button-type-icon elementor-search-form--icon-search elementor-widget elementor-widget-search-form\" data-id=\"ad2ace3\" data-element_type=\"widget\" data-settings=\"{&quot;skin&quot;:&quot;classic&quot;}\" data-widget_type=\"search-form.default\">\n\t\t\t\t<div class=\"elementor-widget-container\">\n\t\t\t\t\t<form class=\"elementor-search-form\" role=\"search\" action=\"https:\/\/www.academie.dao-be.com\" method=\"get\">\n\t\t\t\t\t\t\t\t\t<div class=\"elementor-search-form__container\">\n\t\t\t\t\t\t\t\t<input placeholder=\"Rechercher\" class=\"elementor-search-form__input\" type=\"search\" name=\"s\" title=\"Search\" value=\"\">\n\t\t\t\t\t\t\t\t\t\t\t\t\t<button class=\"elementor-search-form__submit\" type=\"submit\" title=\"Search\" aria-label=\"Search\">\n\t\t\t\t\t\t\t\t\t\t\t\t\t<i class=\"fa fa-search\" aria-hidden=\"true\"><\/i>\n\t\t\t\t\t\t\t<span class=\"elementor-screen-only\">Search<\/span>\n\t\t\t\t\t\t\t\t\t\t\t<\/button>\n\t\t\t\t\t\t\t\t\t\t\t<\/div>\n\t\t<\/form>\n\t\t\t\t<\/div>\n\t\t\t\t<\/div>\n\t\t\t\t<div class=\"elementor-element elementor-element-f878de5 elementor-widget elementor-widget-text-editor\" data-id=\"f878de5\" data-element_type=\"widget\" data-widget_type=\"text-editor.default\">\n\t\t\t\t<div class=\"elementor-widget-container\">\n\t\t\t\t\t<div class=\"elementor-text-editor elementor-clearfix\"><p><em><strong>Information accessibilit\u00e9 :<\/strong> Si vous \u00eates porteur d&#8217;un handicap et que vous souhaitez am\u00e9nager la formation pour y participer dans les meilleures conditions, contactez-nous lors de l&#8217;inscription pour adapter les modalit\u00e9s et le d\u00e9roul\u00e9 de la formation \u00e0 votre situation.<\/em><\/p><\/div>\n\t\t\t\t<\/div>\n\t\t\t\t<\/div>\n\t\t\t\t\t\t<\/div>\n\t\t\t\t\t<\/div>\n\t\t<\/div>\n\t\t\t\t\t\t\t\t<\/div>\n\t\t\t\t\t<\/div>\n\t\t<\/section>\n\t\t\t\t<section class=\"elementor-section elementor-top-section elementor-element elementor-element-17d0380 elementor-section-stretched elementor-section-full_width elementor-section-height-default elementor-section-height-default\" data-id=\"17d0380\" data-element_type=\"section\" data-settings=\"{&quot;stretch_section&quot;:&quot;section-stretched&quot;,&quot;background_background&quot;:&quot;classic&quot;}\">\n\t\t\t\t\t\t<div class=\"elementor-container elementor-column-gap-default\">\n\t\t\t\t\t\t\t<div class=\"elementor-row\">\n\t\t\t\t\t<div class=\"elementor-column elementor-col-100 elementor-top-column elementor-element elementor-element-ad728bc\" data-id=\"ad728bc\" data-element_type=\"column\">\n\t\t\t<div class=\"elementor-column-wrap elementor-element-populated\">\n\t\t\t\t\t\t\t<div class=\"elementor-widget-wrap\">\n\t\t\t\t\t\t<div class=\"elementor-element elementor-element-27980cc sectionMenu elementor-widget elementor-widget-html\" data-id=\"27980cc\" data-element_type=\"widget\" data-widget_type=\"html.default\">\n\t\t\t\t<div class=\"elementor-widget-container\">\n\t\t\t<!DOCTYPE html>\r\n<html>\r\n\r\n<head>\r\n    <script type=\"text\/javascript\" src=\"\/\/code.jquery.com\/jquery-1.9.1.js\"><\/script>\r\n\r\n    <script type=\"text\/javascript\">\r\n        $(function() {\r\n\r\n\r\n            var checked_val = \"null\";\r\n            $(\".no_option\").on(\"click\", function() {\r\n                if ($(this).val() == checked_val) {\r\n                    $('input[name=group][value=null]').prop(\"checked\", true);\r\n                    checked_val = \"null\";\r\n                    \/\/Rajouter que les non true soit en bas ? POUR LA V2\r\n                } else {\r\n                    checked_val = $(this).val();\r\n                    $('input[name=group][value=null]').removeProp(\"checked\");\r\n                }\r\n\r\n\r\n                if ($('#tab1').is(':checked')) {\r\n                    $('.tab-content-wrapper').css('margin-left', '22px');\r\n\r\n                } else if ($('#tab2').is(':checked')) {\r\n                    $('.tab-content-wrapper').css('margin-left', '286px');\r\n\r\n                } else {\r\n                    $('.tab-content-wrapper').css('margin-left', '550px');\r\n                } \r\n            });\r\n        });\r\n    <\/script>\r\n<\/head>\r\n\r\n<body>\r\n    <div class=\"tabs\">\r\n\r\n        <input type=\"radio\" name=\"group\" class=\"no_option\" value=\"0\" id=\"tab1\">\r\n        <label for=\"tab1\" id=\"label1\" class=\"icone\">Management<\/label>\r\n\r\n        <input type=\"radio\" name=\"group\" class=\"no_option\" value=\"1\" id=\"tab2\">\r\n        <label for=\"tab2\" id=\"label2\" class=\"icone\">Dvp Personel<\/label>\r\n\r\n        <input type=\"radio\" name=\"group\" class=\"no_option\" value=\"null\" style=\"display:none\">\r\n\r\n        <div class=\"tab-content-wrapper\">\r\n            <div id=\"tab-content-1\" class=\"tab-content\">\r\n                <table>\r\n                    <!-- 1 ligne -->\r\n                    <tr>\r\n                        <!-- 3 collonne : titre\/niveau\/\u00e9tiquette -->\r\n                        <th class=\"titre\">\r\n                            <h2 class=\"titreMenu\">Management<\/h2>\r\n                            <a href=\"http:\/\/www.academie.dao-be.com\/index.php\/formation-diverse\/animer-une-equipe\/\" class=\"txtMenu\">Animer une \u00e9quipe<\/a><br>\r\n                            <a href=\"http:\/\/www.academie.dao-be.com\/index.php\/formation-diverse\/dvp-competences-chef\/\" class=\"txtMenu\">D\u00e9velopper ses comp\u00e9tences de chef <\/a><br>\r\n                            <a href=\"http:\/\/www.academie.dao-be.com\/index.php\/formation-diverse\/base-de-management\/\" class=\"txtMenu\">Base du Management<\/a><br>\r\n                        <\/th>\r\n                        <th class=\"niveaux\">\r\n                            <br><br>\r\n                            <i><p>Initiation<\/p>\r\n                            <p>Initiation<\/p>\r\n                            <p>Initiation<\/p><\/i>\r\n                        <\/th>\r\n                <\/table>\r\n            <\/div>\r\n            \r\n            <div id=\"tab-content-2\" class=\"tab-content\">\r\n                <table>\r\n                    <!-- 1 ligne -->\r\n                    <tr>\r\n                        <!-- 3 collonne : titre\/niveau\/\u00e9tiquette -->\r\n                        <th class=\"titre\">\r\n                            <h2 class=\"titreMenu\">D\u00e9veloppement Personnel<\/h2>\r\n                            <a href=\"http:\/\/www.academie.dao-be.com\/index.php\/formation-diverse\/enneagramme\/\" class=\"txtMenu\">Enneagramme<\/a><br>\r\n                            <a href=\"http:\/\/www.academie.dao-be.com\/index.php\/formation-diverse\/maitrise-de-son-temps\/\" class=\"txtMenu\">Ma\u00eetriser son temps et son efficacit\u00e9<\/a><br>\r\n                            <a href=\"http:\/\/www.academie.dao-be.com\/index.php\/formation-diverse\/communication-qualitative\/\" class=\"txtMenu\">Communication qualitative<\/a><br>\r\n                            <a href=\"http:\/\/www.academie.dao-be.com\/index.php\/formation-diverse\/dvp-resistance-froid\/\" class=\"txtMenu\">D\u00e9velopper sa r\u00e9sistance au froid<\/a><br>\r\n                            <a href=\"http:\/\/www.academie.dao-be.com\/index.php\/formation-diverse\/gestion-du-stress\/\" class=\"txtMenu\">Gestion du stress<\/a><br>\r\n                            <a href=\"http:\/\/www.academie.dao-be.com\/index.php\/formation-diverse\/maintenir-sa-vitalite\/\" class=\"txtMenu\">Maintenir sa vitalit\u00e9 au travail<\/a><br>\r\n                        <\/th>\r\n                        <th class=\"niveaux\">\r\n                            <br><br>\r\n                            <i><p>Initiation<\/p>\r\n                            <p>Initiation<\/p>\r\n                            <p>Initiation<\/p>\r\n                            <p>Initiation<\/p>\r\n                            <p>Initiation<\/p>\r\n                            <p>Initiation<\/p><\/i>\r\n                        <\/th>\r\n                <\/table>\r\n            <\/div>\r\n            <div id=\"tab-content-3\" class=\"tab-content\">\r\n            <\/div>\r\n        <\/div>\r\n    <\/div>\r\n\r\n    <script>\r\n        if (window.parent && window.parent.parent) {\r\n            window.parent.parent.postMessage([\"resultsFrame\", {\r\n                height: document.body.getBoundingClientRect().height,\r\n                slug: \"06zvu7eo\"\r\n            }], \"*\")\r\n        }\r\n        window.name = \"result\"\r\n    <\/script>\r\n<\/body>\r\n\r\n<\/html>\t\t<\/div>\n\t\t\t\t<\/div>\n\t\t\t\t\t\t<\/div>\n\t\t\t\t\t<\/div>\n\t\t<\/div>\n\t\t\t\t\t\t\t\t<\/div>\n\t\t\t\t\t<\/div>\n\t\t<\/section>\n\t\t\t\t\t\t<\/div>\n\t\t\t\t\t\t<\/div>\n\t\t\t\t\t<\/div>\n\t\t","protected":false},"excerpt":{"rendered":"<p>Information accessibilit\u00e9 : Si vous \u00eates porteur d&#8217;un handicap et que vous souhaitez am\u00e9nager la formation pour y participer dans les meilleures conditions, contactez-nous lors de l&#8217;inscription pour adapter les modalit\u00e9s et le d\u00e9roul\u00e9 de la formation \u00e0 votre situation. Management Dvp Personel Management Animer une \u00e9quipe D\u00e9velopper ses comp\u00e9tences de chef Base du Management [&hellip;]<\/p>\n","protected":false},"author":1,"featured_media":0,"parent":1771,"menu_order":0,"comment_status":"closed","ping_status":"closed","template":"elementor_header_footer","meta":[],"yoast_head":"<!-- This site is optimized with the Yoast SEO plugin v15.6.2 - https:\/\/yoast.com\/wordpress\/plugins\/seo\/ -->\n<title>Formation Diverse -<\/title>\n<meta name=\"robots\" content=\"index, follow, max-snippet:-1, max-image-preview:large, max-video-preview:-1\" \/>\n<link rel=\"canonical\" href=\"https:\/\/www.academie.dao-be.com\/index.php\/formation\/formation-diverse\/\" \/>\n<meta property=\"og:locale\" content=\"en_US\" \/>\n<meta property=\"og:type\" content=\"article\" \/>\n<meta property=\"og:title\" content=\"Formation Diverse -\" \/>\n<meta property=\"og:description\" content=\"Information accessibilit\u00e9 : Si vous \u00eates porteur d&#8217;un handicap et que vous souhaitez am\u00e9nager la formation pour y participer dans les meilleures conditions, contactez-nous lors de l&#8217;inscription pour adapter les modalit\u00e9s et le d\u00e9roul\u00e9 de la formation \u00e0 votre situation. Management Dvp Personel Management Animer une \u00e9quipe D\u00e9velopper ses comp\u00e9tences de chef Base du Management [&hellip;]\" \/>\n<meta property=\"og:url\" content=\"https:\/\/www.academie.dao-be.com\/index.php\/formation\/formation-diverse\/\" \/>\n<meta property=\"article:modified_time\" content=\"2022-06-17T10:27:27+00:00\" \/>\n<meta property=\"og:image\" content=\"http:\/\/www.academie.dao-be.com\/wp-content\/uploads\/2020\/02\/Diverse.png\" \/>\n<meta name=\"twitter:card\" content=\"summary_large_image\" \/>\n<meta name=\"twitter:label1\" content=\"Est. reading time\">\n\t<meta name=\"twitter:data1\" content=\"3 minutes\">\n<script type=\"application\/ld+json\" class=\"yoast-schema-graph\">{\"@context\":\"https:\/\/schema.org\",\"@graph\":[{\"@type\":\"WebSite\",\"@id\":\"https:\/\/www.academie.dao-be.com\/#website\",\"url\":\"https:\/\/www.academie.dao-be.com\/\",\"name\":\"\",\"description\":\"\",\"potentialAction\":[{\"@type\":\"SearchAction\",\"target\":\"https:\/\/www.academie.dao-be.com\/?s={search_term_string}\",\"query-input\":\"required name=search_term_string\"}],\"inLanguage\":\"en-US\"},{\"@type\":\"ImageObject\",\"@id\":\"https:\/\/www.academie.dao-be.com\/index.php\/formation\/formation-diverse\/#primaryimage\",\"inLanguage\":\"en-US\",\"url\":\"http:\/\/www.academie.dao-be.com\/wp-content\/uploads\/2020\/02\/Diverse.png\"},{\"@type\":\"WebPage\",\"@id\":\"https:\/\/www.academie.dao-be.com\/index.php\/formation\/formation-diverse\/#webpage\",\"url\":\"https:\/\/www.academie.dao-be.com\/index.php\/formation\/formation-diverse\/\",\"name\":\"Formation Diverse -\",\"isPartOf\":{\"@id\":\"https:\/\/www.academie.dao-be.com\/#website\"},\"primaryImageOfPage\":{\"@id\":\"https:\/\/www.academie.dao-be.com\/index.php\/formation\/formation-diverse\/#primaryimage\"},\"datePublished\":\"2020-01-28T14:04:55+00:00\",\"dateModified\":\"2022-06-17T10:27:27+00:00\",\"inLanguage\":\"en-US\",\"potentialAction\":[{\"@type\":\"ReadAction\",\"target\":[\"https:\/\/www.academie.dao-be.com\/index.php\/formation\/formation-diverse\/\"]}]}]}<\/script>\n<!-- \/ Yoast SEO plugin. -->","_links":{"self":[{"href":"https:\/\/www.academie.dao-be.com\/index.php\/wp-json\/wp\/v2\/pages\/368"}],"collection":[{"href":"https:\/\/www.academie.dao-be.com\/index.php\/wp-json\/wp\/v2\/pages"}],"about":[{"href":"https:\/\/www.academie.dao-be.com\/index.php\/wp-json\/wp\/v2\/types\/page"}],"author":[{"embeddable":true,"href":"https:\/\/www.academie.dao-be.com\/index.php\/wp-json\/wp\/v2\/users\/1"}],"replies":[{"embeddable":true,"href":"https:\/\/www.academie.dao-be.com\/index.php\/wp-json\/wp\/v2\/comments?post=368"}],"version-history":[{"count":107,"href":"https:\/\/www.academie.dao-be.com\/index.php\/wp-json\/wp\/v2\/pages\/368\/revisions"}],"predecessor-version":[{"id":3179,"href":"https:\/\/www.academie.dao-be.com\/index.php\/wp-json\/wp\/v2\/pages\/368\/revisions\/3179"}],"up":[{"embeddable":true,"href":"https:\/\/www.academie.dao-be.com\/index.php\/wp-json\/wp\/v2\/pages\/1771"}],"wp:attachment":[{"href":"https:\/\/www.academie.dao-be.com\/index.php\/wp-json\/wp\/v2\/media?parent=368"}],"curies":[{"name":"wp","href":"https:\/\/api.w.org\/{rel}","templated":true}]}}