{"id":1158,"date":"2020-02-06T11:35:43","date_gmt":"2020-02-06T10:35:43","guid":{"rendered":"http:\/\/www.academie.dao-be.com\/?page_id=1158"},"modified":"2024-07-15T11:57:43","modified_gmt":"2024-07-15T09:57:43","slug":"autocad-mep","status":"publish","type":"page","link":"https:\/\/www.academie.dao-be.com\/index.php\/formation\/formation-logiciel\/autocad-mep\/","title":{"rendered":"AutoCAD MEP"},"content":{"rendered":"\t\t<div data-elementor-type=\"wp-page\" data-elementor-id=\"1158\" class=\"elementor elementor-1158\" data-elementor-settings=\"[]\">\n\t\t\t\t\t\t<div class=\"elementor-inner\">\n\t\t\t\t\t\t\t<div class=\"elementor-section-wrap\">\n\t\t\t\t\t\t\t<section class=\"elementor-section elementor-top-section elementor-element elementor-element-31c1496 elementor-section-stretched elementor-section-full_width elementor-section-height-default elementor-section-height-default\" data-id=\"31c1496\" data-element_type=\"section\" data-settings=\"{&quot;background_background&quot;:&quot;classic&quot;,&quot;stretch_section&quot;:&quot;section-stretched&quot;,&quot;background_motion_fx_motion_fx_scrolling&quot;:&quot;yes&quot;,&quot;background_motion_fx_translateY_effect&quot;:&quot;yes&quot;,&quot;background_motion_fx_translateY_speed&quot;:{&quot;unit&quot;:&quot;px&quot;,&quot;size&quot;:5.3,&quot;sizes&quot;:[]},&quot;background_motion_fx_translateY_affectedRange&quot;:{&quot;unit&quot;:&quot;%&quot;,&quot;size&quot;:&quot;&quot;,&quot;sizes&quot;:{&quot;start&quot;:0,&quot;end&quot;:100}},&quot;background_motion_fx_devices&quot;:[&quot;desktop&quot;,&quot;tablet&quot;,&quot;mobile&quot;]}\">\n\t\t\t\t\t\t\t<div class=\"elementor-background-overlay\"><\/div>\n\t\t\t\t\t\t\t<div class=\"elementor-container elementor-column-gap-no\">\n\t\t\t\t\t\t\t<div class=\"elementor-row\">\n\t\t\t\t\t<div class=\"elementor-column elementor-col-33 elementor-top-column elementor-element elementor-element-fd8df7f\" data-id=\"fd8df7f\" data-element_type=\"column\">\n\t\t\t<div class=\"elementor-column-wrap elementor-element-populated\">\n\t\t\t\t\t\t\t<div class=\"elementor-widget-wrap\">\n\t\t\t\t\t\t<section class=\"elementor-section elementor-inner-section elementor-element elementor-element-ab6ed64 elementor-section-boxed elementor-section-height-default elementor-section-height-default\" data-id=\"ab6ed64\" data-element_type=\"section\">\n\t\t\t\t\t\t<div class=\"elementor-container elementor-column-gap-default\">\n\t\t\t\t\t\t\t<div class=\"elementor-row\">\n\t\t\t\t\t<div class=\"elementor-column elementor-col-100 elementor-inner-column elementor-element elementor-element-cf25710\" data-id=\"cf25710\" data-element_type=\"column\" data-settings=\"{&quot;background_background&quot;:&quot;classic&quot;}\">\n\t\t\t<div class=\"elementor-column-wrap elementor-element-populated\">\n\t\t\t\t\t\t\t<div class=\"elementor-widget-wrap\">\n\t\t\t\t\t\t<div class=\"elementor-element elementor-element-08b3762 elementor-widget elementor-widget-html\" data-id=\"08b3762\" data-element_type=\"widget\" data-widget_type=\"html.default\">\n\t\t\t\t<div class=\"elementor-widget-container\">\n\t\t\t<div>\n    \n    <a href=\"http:\/\/www.academie.dao-be.com\/index.php\/inscription\/\" id=\"lienBouton\">Lien pour inscription Lien pour inscription Lien pour inscription <\/a>\n<\/div>\n<style>\n    #lienBouton{\n        display: block;\n        color:rgba(0,0,0,0);\n        height: 3.5em;\n        width: 100%;\n    }\n<\/style>\t\t<\/div>\n\t\t\t\t<\/div>\n\t\t\t\t\t\t<\/div>\n\t\t\t\t\t<\/div>\n\t\t<\/div>\n\t\t\t\t\t\t\t\t<\/div>\n\t\t\t\t\t<\/div>\n\t\t<\/section>\n\t\t\t\t<div class=\"elementor-element elementor-element-8563791 elementor-widget elementor-widget-spacer\" data-id=\"8563791\" data-element_type=\"widget\" data-widget_type=\"spacer.default\">\n\t\t\t\t<div class=\"elementor-widget-container\">\n\t\t\t\t\t<div class=\"elementor-spacer\">\n\t\t\t<div class=\"elementor-spacer-inner\"><\/div>\n\t\t<\/div>\n\t\t\t\t<\/div>\n\t\t\t\t<\/div>\n\t\t\t\t<div class=\"elementor-element elementor-element-362a6df elementor-widget elementor-widget-heading\" data-id=\"362a6df\" data-element_type=\"widget\" data-widget_type=\"heading.default\">\n\t\t\t\t<div class=\"elementor-widget-container\">\n\t\t\t<h2 class=\"elementor-heading-title elementor-size-default\">Autocad<br>MEP<\/h2>\t\t<\/div>\n\t\t\t\t<\/div>\n\t\t\t\t<section class=\"elementor-section elementor-inner-section elementor-element elementor-element-507df5a elementor-section-boxed elementor-section-height-default elementor-section-height-default\" data-id=\"507df5a\" data-element_type=\"section\">\n\t\t\t\t\t\t<div class=\"elementor-container elementor-column-gap-default\">\n\t\t\t\t\t\t\t<div class=\"elementor-row\">\n\t\t\t\t\t<div class=\"elementor-column elementor-col-25 elementor-inner-column elementor-element elementor-element-ab2780f\" data-id=\"ab2780f\" data-element_type=\"column\">\n\t\t\t<div class=\"elementor-column-wrap elementor-element-populated\">\n\t\t\t\t\t\t\t<div class=\"elementor-widget-wrap\">\n\t\t\t\t\t\t\t\t<\/div>\n\t\t\t\t\t<\/div>\n\t\t<\/div>\n\t\t\t\t<div class=\"elementor-column elementor-col-25 elementor-inner-column elementor-element elementor-element-9c6bbec\" data-id=\"9c6bbec\" data-element_type=\"column\">\n\t\t\t<div class=\"elementor-column-wrap elementor-element-populated\">\n\t\t\t\t\t\t\t<div class=\"elementor-widget-wrap\">\n\t\t\t\t\t\t\t\t<\/div>\n\t\t\t\t\t<\/div>\n\t\t<\/div>\n\t\t\t\t<div class=\"elementor-column elementor-col-50 elementor-inner-column elementor-element elementor-element-6891ab8\" data-id=\"6891ab8\" data-element_type=\"column\">\n\t\t\t<div class=\"elementor-column-wrap\">\n\t\t\t\t\t\t\t<div class=\"elementor-widget-wrap\">\n\t\t\t\t\t\t\t\t<\/div>\n\t\t\t\t\t<\/div>\n\t\t<\/div>\n\t\t\t\t\t\t\t\t<\/div>\n\t\t\t\t\t<\/div>\n\t\t<\/section>\n\t\t\t\t<div class=\"elementor-element elementor-element-7b2b513 elementor-widget elementor-widget-spacer\" data-id=\"7b2b513\" data-element_type=\"widget\" data-widget_type=\"spacer.default\">\n\t\t\t\t<div class=\"elementor-widget-container\">\n\t\t\t\t\t<div class=\"elementor-spacer\">\n\t\t\t<div class=\"elementor-spacer-inner\"><\/div>\n\t\t<\/div>\n\t\t\t\t<\/div>\n\t\t\t\t<\/div>\n\t\t\t\t\t\t<\/div>\n\t\t\t\t\t<\/div>\n\t\t<\/div>\n\t\t\t\t<div class=\"elementor-column elementor-col-33 elementor-top-column elementor-element elementor-element-9d3815d\" data-id=\"9d3815d\" data-element_type=\"column\">\n\t\t\t<div class=\"elementor-column-wrap elementor-element-populated\">\n\t\t\t\t\t\t\t<div class=\"elementor-widget-wrap\">\n\t\t\t\t\t\t<div class=\"elementor-element elementor-element-12ecf79 elementor-widget elementor-widget-spacer\" data-id=\"12ecf79\" data-element_type=\"widget\" data-widget_type=\"spacer.default\">\n\t\t\t\t<div class=\"elementor-widget-container\">\n\t\t\t\t\t<div class=\"elementor-spacer\">\n\t\t\t<div class=\"elementor-spacer-inner\"><\/div>\n\t\t<\/div>\n\t\t\t\t<\/div>\n\t\t\t\t<\/div>\n\t\t\t\t<section class=\"elementor-section elementor-inner-section elementor-element elementor-element-0a6dcb4 elementor-section-content-bottom elementor-section-boxed elementor-section-height-default elementor-section-height-default\" data-id=\"0a6dcb4\" data-element_type=\"section\">\n\t\t\t\t\t\t<div class=\"elementor-container elementor-column-gap-default\">\n\t\t\t\t\t\t\t<div class=\"elementor-row\">\n\t\t\t\t\t<div class=\"elementor-column elementor-col-33 elementor-inner-column elementor-element elementor-element-6d98893\" data-id=\"6d98893\" data-element_type=\"column\">\n\t\t\t<div class=\"elementor-column-wrap\">\n\t\t\t\t\t\t\t<div class=\"elementor-widget-wrap\">\n\t\t\t\t\t\t\t\t<\/div>\n\t\t\t\t\t<\/div>\n\t\t<\/div>\n\t\t\t\t<div class=\"elementor-column elementor-col-33 elementor-inner-column elementor-element elementor-element-57ed0cf\" data-id=\"57ed0cf\" data-element_type=\"column\">\n\t\t\t<div class=\"elementor-column-wrap elementor-element-populated\">\n\t\t\t\t\t\t\t<div class=\"elementor-widget-wrap\">\n\t\t\t\t\t\t\t\t<\/div>\n\t\t\t\t\t<\/div>\n\t\t<\/div>\n\t\t\t\t<div class=\"elementor-column elementor-col-33 elementor-inner-column elementor-element elementor-element-fe780d8\" data-id=\"fe780d8\" data-element_type=\"column\">\n\t\t\t<div class=\"elementor-column-wrap elementor-element-populated\">\n\t\t\t\t\t\t\t<div class=\"elementor-widget-wrap\">\n\t\t\t\t\t\t<div class=\"elementor-element elementor-element-08a4ad5 elementor-widget elementor-widget-image\" data-id=\"08a4ad5\" data-element_type=\"widget\" data-widget_type=\"image.default\">\n\t\t\t\t<div class=\"elementor-widget-container\">\n\t\t\t\t\t<div class=\"elementor-image\">\n\t\t\t\t\t\t\t\t\t\t<img width=\"93\" height=\"93\" src=\"https:\/\/www.academie.dao-be.com\/wp-content\/uploads\/2020\/01\/DAO.png\" class=\"attachment-large size-large\" alt=\"\" loading=\"lazy\" \/>\t\t\t\t\t\t\t\t\t\t\t<\/div>\n\t\t\t\t<\/div>\n\t\t\t\t<\/div>\n\t\t\t\t\t\t<\/div>\n\t\t\t\t\t<\/div>\n\t\t<\/div>\n\t\t\t\t\t\t\t\t<\/div>\n\t\t\t\t\t<\/div>\n\t\t<\/section>\n\t\t\t\t\t\t<\/div>\n\t\t\t\t\t<\/div>\n\t\t<\/div>\n\t\t\t\t<div class=\"elementor-column elementor-col-33 elementor-top-column elementor-element elementor-element-f216d6c\" data-id=\"f216d6c\" data-element_type=\"column\" data-settings=\"{&quot;background_background&quot;:&quot;classic&quot;}\">\n\t\t\t<div class=\"elementor-column-wrap elementor-element-populated\">\n\t\t\t\t\t\t\t<div class=\"elementor-widget-wrap\">\n\t\t\t\t\t\t<div class=\"elementor-element elementor-element-d975e9f elementor-widget elementor-widget-spacer\" data-id=\"d975e9f\" data-element_type=\"widget\" data-widget_type=\"spacer.default\">\n\t\t\t\t<div class=\"elementor-widget-container\">\n\t\t\t\t\t<div class=\"elementor-spacer\">\n\t\t\t<div class=\"elementor-spacer-inner\"><\/div>\n\t\t<\/div>\n\t\t\t\t<\/div>\n\t\t\t\t<\/div>\n\t\t\t\t<div class=\"elementor-element elementor-element-09b317a elementor-widget elementor-widget-heading\" data-id=\"09b317a\" data-element_type=\"widget\" data-widget_type=\"heading.default\">\n\t\t\t\t<div class=\"elementor-widget-container\">\n\t\t\t<h3 class=\"elementor-heading-title elementor-size-default\">Informations<\/h3>\t\t<\/div>\n\t\t\t\t<\/div>\n\t\t\t\t<div class=\"elementor-element elementor-element-902e452 elementor-widget__width-inherit elementor-widget elementor-widget-text-editor\" data-id=\"902e452\" data-element_type=\"widget\" data-widget_type=\"text-editor.default\">\n\t\t\t\t<div class=\"elementor-widget-container\">\n\t\t\t\t\t<div class=\"elementor-text-editor elementor-clearfix\"><p><strong>Dur\u00e9e :<\/strong><br \/>\u00a0 \u00a0 3 jours (21 heures)<\/p><p><strong>Date et lieu :<\/strong><br \/>\u00a0 \u00a0 Sur demande<\/p><p><strong>Tarification :<\/strong><br \/>\u00a0 \u00a0 Sur demande<\/p><p><strong>Participants :<\/strong><br \/>\u00a0 \u00a0 Dessinateurs, projeteurs, Ing\u00e9nieurs, Techniciens en CVC, plomberie, \u00e9lectricit\u00e9, synth\u00e8se.<\/p><p><strong>Pr\u00e9requis :<\/strong><br \/>\u00a0 \u00a0 Ma\u00eetriser les fonctionnalit\u00e9s n\u00e9cessaires pour des r\u00e9alisations fluides compl\u00e8tes.<\/p><p><strong>Objectif :<\/strong><br \/>\u00a0 \u00a0 Bonnes connaissances des fondamentaux AutoCAD.<\/p><p><strong>Nombre de personnes par session :<\/strong><br \/>\u00a0 \u00a01 \u00e0 6<\/p><p><strong>Mat\u00e9riels :<\/strong><br \/>\u00a0 \u00a0 1 ordinateur par personne<br \/>\u00a0 \u00a0 Supports de cours (informatique ou papier)<\/p><\/div>\n\t\t\t\t<\/div>\n\t\t\t\t<\/div>\n\t\t\t\t\t\t<\/div>\n\t\t\t\t\t<\/div>\n\t\t<\/div>\n\t\t\t\t\t\t\t\t<\/div>\n\t\t\t\t\t<\/div>\n\t\t<\/section>\n\t\t\t\t<section class=\"elementor-section elementor-top-section elementor-element elementor-element-bc367f3 elementor-section-stretched elementor-section-full_width elementor-section-height-default elementor-section-height-default\" data-id=\"bc367f3\" data-element_type=\"section\" data-settings=\"{&quot;stretch_section&quot;:&quot;section-stretched&quot;}\">\n\t\t\t\t\t\t<div class=\"elementor-container elementor-column-gap-default\">\n\t\t\t\t\t\t\t<div class=\"elementor-row\">\n\t\t\t\t\t<div class=\"elementor-column elementor-col-33 elementor-top-column elementor-element elementor-element-0e79e23\" data-id=\"0e79e23\" data-element_type=\"column\">\n\t\t\t<div class=\"elementor-column-wrap elementor-element-populated\">\n\t\t\t\t\t\t\t<div class=\"elementor-widget-wrap\">\n\t\t\t\t\t\t<div class=\"elementor-element elementor-element-b24361c elementor-widget elementor-widget-image\" data-id=\"b24361c\" data-element_type=\"widget\" data-widget_type=\"image.default\">\n\t\t\t\t<div class=\"elementor-widget-container\">\n\t\t\t\t\t<div class=\"elementor-image\">\n\t\t\t\t\t\t\t\t\t\t<img width=\"32\" height=\"38\" src=\"https:\/\/www.academie.dao-be.com\/wp-content\/uploads\/2020\/01\/Trac\u00e9-91.png\" class=\"attachment-full size-full\" alt=\"\" loading=\"lazy\" \/>\t\t\t\t\t\t\t\t\t\t\t<\/div>\n\t\t\t\t<\/div>\n\t\t\t\t<\/div>\n\t\t\t\t\t\t<\/div>\n\t\t\t\t\t<\/div>\n\t\t<\/div>\n\t\t\t\t<div class=\"elementor-column elementor-col-33 elementor-top-column elementor-element elementor-element-d2cb505\" data-id=\"d2cb505\" data-element_type=\"column\">\n\t\t\t<div class=\"elementor-column-wrap elementor-element-populated\">\n\t\t\t\t\t\t\t<div class=\"elementor-widget-wrap\">\n\t\t\t\t\t\t<div class=\"elementor-element elementor-element-24fe609 elementor-widget elementor-widget-heading\" data-id=\"24fe609\" data-element_type=\"widget\" data-widget_type=\"heading.default\">\n\t\t\t\t<div class=\"elementor-widget-container\">\n\t\t\t<h3 class=\"elementor-heading-title elementor-size-default\">Programme<\/h3>\t\t<\/div>\n\t\t\t\t<\/div>\n\t\t\t\t<div class=\"elementor-element elementor-element-8850ca9 elementor-widget-divider--view-line elementor-widget elementor-widget-divider\" data-id=\"8850ca9\" data-element_type=\"widget\" data-widget_type=\"divider.default\">\n\t\t\t\t<div class=\"elementor-widget-container\">\n\t\t\t\t\t<div class=\"elementor-divider\">\n\t\t\t<span class=\"elementor-divider-separator\">\n\t\t\t\t\t\t<\/span>\n\t\t<\/div>\n\t\t\t\t<\/div>\n\t\t\t\t<\/div>\n\t\t\t\t<div class=\"elementor-element elementor-element-35242d8 elementor-widget elementor-widget-text-editor\" data-id=\"35242d8\" data-element_type=\"widget\" data-widget_type=\"text-editor.default\">\n\t\t\t\t<div class=\"elementor-widget-container\">\n\t\t\t\t\t<div class=\"elementor-text-editor elementor-clearfix\"><p><strong>G\u00e9n\u00e9ralit\u00e9s de l\u2019interface<\/strong><br \/>\u2022 L\u2019interface (ruban, palettes, espaces de travail)<br \/>\u2022 La gestion des calques<\/p><p><strong>Environnement et notions fondamentales<\/strong><br \/>\u2022 Les outils \u00ab m\u00e9tiers \u00bb, les objets<br \/>\u2022 Les gabarits, les styles, le contenu, les catalogues \u2026<br \/>\u2022 Le gestionnaire de styles<br \/>\u2022 Les coupes de travail et de rendu<\/p><p><strong>Organisation du projet<\/strong><br \/>\u2022 Le gestionnaire de projet<br \/>\u2022 Explorateur et navigateur de projet<br \/>\u2022 Les conceptions, vues, feuilles.<\/p><p><strong>Bases du mod\u00e8le architectural<\/strong><br \/>\u2022 D\u00e9finition d\u2019un projet architectural de support<br \/>\u2022 Les objets : murs, portes, fen\u00eatres, dalles, toits&#8230;<\/p><p><strong>Mod\u00e8le analytique du b\u00e2timent<\/strong><br \/>\u2022 Les espaces et zones<br \/>\u2022 La cr\u00e9ation d\u2019un mod\u00e8le analytique<br \/>\u2022 La liaison MEP avec les outils de calculs thermiques<br \/>\u2022 Le gbxml ; L\u2019exportation et l\u2019importation de donn\u00e9es<\/p><p><strong>CVC a\u00e9raulique<\/strong><br \/>\u2022 Les objets CVC (3D)<br \/>\u2022 Styles de syst\u00e8mes ; Groupes de composants<br \/>\u2022 Pr\u00e9f\u00e9rences de gaines ; catalogues<br \/>\u2022 Dessin de r\u00e9seaux et manipulation<br \/>\u2022 Les raccords ; Insertion d\u2019\u00e9quipements en ligne<br \/>\u2022 Routage assist\u00e9 et calcul du dimensionnement<br \/>\u2022 De l\u2019unifilaire au \u00ab bifilaire \u00bb ; Le supportage<\/p><p><strong>CVC hydraulique<\/strong><br \/>\u2022 Les objets de tuyauterie (3D)<br \/>\u2022 Styles de syst\u00e8mes de tuyauterie<br \/>\u2022 Groupes de composants<br \/>\u2022 Pr\u00e9f\u00e9rences de routage de tuyaux<br \/>\u2022 Les catalogues de tuyauterie<br \/>\u2022 Dessin de r\u00e9seaux et manipulation<br \/>\u2022 Les raccords et insertion d\u2019\u00e9quipements<br \/>\u2022 Le supportage<\/p><p><strong>Plomberie, sanitaire, \u00e9lectricit\u00e9<\/strong><\/p><p><strong>Module sch\u00e9matique<\/strong><br \/>\u2022 Les styles d\u2019objets ; lignes<br \/>\u2022 sch\u00e9matiques ; le contenu<br \/>\u2022 Sch\u00e9mas de principes et isom\u00e9tries<\/p><p><strong>La synth\u00e8se du projet<\/strong><br \/>\u2022 La gestion des interf\u00e9rences.<br \/>\u2022 Analyse et production d\u2019un plan de r\u00e9servations<\/p><p><strong>La documentation du projet<\/strong><br \/>\u2022 Annotations, blocs \u00e0 vues multiples et \u00e9tiquettes MEP<br \/>\u2022 Les jeux de propri\u00e9t\u00e9s<\/p><p><strong>Cotations<\/strong><br \/>\u2022 L\u00e9gendes et th\u00e8mes d\u2019affichage<br \/>\u2022 Tables de nomenclatures<br \/>\u2022 Cr\u00e9ation des coupes 2D et 3D<br \/>\u2022 Feuilles et cartouches<\/p><p><strong>Personnalisation<\/strong><br \/>\u2022 Les Pi\u00e8ces \u00e0 Vues Multiples,<br \/>\u2022 Objets param\u00e9triques<br \/>\u2022 Catalogues de PAVM<br \/>\u2022 Les palettes d\u2019outils personnalis\u00e9es<\/p><\/div>\n\t\t\t\t<\/div>\n\t\t\t\t<\/div>\n\t\t\t\t\t\t<\/div>\n\t\t\t\t\t<\/div>\n\t\t<\/div>\n\t\t\t\t<div class=\"elementor-column elementor-col-33 elementor-top-column elementor-element elementor-element-2ec03c7\" data-id=\"2ec03c7\" data-element_type=\"column\" data-settings=\"{&quot;background_background&quot;:&quot;classic&quot;}\">\n\t\t\t<div class=\"elementor-column-wrap elementor-element-populated\">\n\t\t\t\t\t\t\t<div class=\"elementor-widget-wrap\">\n\t\t\t\t\t\t<div class=\"elementor-element elementor-element-6099248 elementor-share-buttons--view-icon elementor-share-buttons--shape-circle elementor-share-buttons--align-center elementor-share-buttons--skin-gradient elementor-grid-0 elementor-share-buttons--color-official elementor-widget elementor-widget-share-buttons\" data-id=\"6099248\" data-element_type=\"widget\" data-widget_type=\"share-buttons.default\">\n\t\t\t\t<div class=\"elementor-widget-container\">\n\t\t\t\t\t<div class=\"elementor-grid\">\n\t\t\t\t\t\t\t<div class=\"elementor-grid-item\">\n\t\t\t\t\t<div class=\"elementor-share-btn elementor-share-btn_facebook\">\n\t\t\t\t\t\t\t\t\t\t\t\t\t<span class=\"elementor-share-btn__icon\">\n\t\t\t\t\t\t\t\t<i class=\"fab fa-facebook\" aria-hidden=\"true\"><\/i>\n\t\t\t\t\t\t\t\t<span class=\"elementor-screen-only\">Share on facebook<\/span>\n\t\t\t\t\t\t\t<\/span>\n\t\t\t\t\t\t\t\t\t\t\t\t\t\t\t\t\t<\/div>\n\t\t\t\t<\/div>\n\t\t\t\t\t\t\t\t<div class=\"elementor-grid-item\">\n\t\t\t\t\t<div class=\"elementor-share-btn elementor-share-btn_linkedin\">\n\t\t\t\t\t\t\t\t\t\t\t\t\t<span class=\"elementor-share-btn__icon\">\n\t\t\t\t\t\t\t\t<i class=\"fab fa-linkedin\" aria-hidden=\"true\"><\/i>\n\t\t\t\t\t\t\t\t<span class=\"elementor-screen-only\">Share on linkedin<\/span>\n\t\t\t\t\t\t\t<\/span>\n\t\t\t\t\t\t\t\t\t\t\t\t\t\t\t\t\t<\/div>\n\t\t\t\t<\/div>\n\t\t\t\t\t\t\t\t<div class=\"elementor-grid-item\">\n\t\t\t\t\t<div class=\"elementor-share-btn elementor-share-btn_email\">\n\t\t\t\t\t\t\t\t\t\t\t\t\t<span class=\"elementor-share-btn__icon\">\n\t\t\t\t\t\t\t\t<i class=\"fas fa-envelope\" aria-hidden=\"true\"><\/i>\n\t\t\t\t\t\t\t\t<span class=\"elementor-screen-only\">Share on email<\/span>\n\t\t\t\t\t\t\t<\/span>\n\t\t\t\t\t\t\t\t\t\t\t\t\t\t\t\t\t<\/div>\n\t\t\t\t<\/div>\n\t\t\t\t\t\t\t\t<div class=\"elementor-grid-item\">\n\t\t\t\t\t<div class=\"elementor-share-btn elementor-share-btn_whatsapp\">\n\t\t\t\t\t\t\t\t\t\t\t\t\t<span class=\"elementor-share-btn__icon\">\n\t\t\t\t\t\t\t\t<i class=\"fab fa-whatsapp\" aria-hidden=\"true\"><\/i>\n\t\t\t\t\t\t\t\t<span class=\"elementor-screen-only\">Share on whatsapp<\/span>\n\t\t\t\t\t\t\t<\/span>\n\t\t\t\t\t\t\t\t\t\t\t\t\t\t\t\t\t<\/div>\n\t\t\t\t<\/div>\n\t\t\t\t\t\t\t\t<div class=\"elementor-grid-item\">\n\t\t\t\t\t<div class=\"elementor-share-btn elementor-share-btn_print\">\n\t\t\t\t\t\t\t\t\t\t\t\t\t<span class=\"elementor-share-btn__icon\">\n\t\t\t\t\t\t\t\t<i class=\"fas fa-print\" aria-hidden=\"true\"><\/i>\n\t\t\t\t\t\t\t\t<span class=\"elementor-screen-only\">Share on print<\/span>\n\t\t\t\t\t\t\t<\/span>\n\t\t\t\t\t\t\t\t\t\t\t\t\t\t\t\t\t<\/div>\n\t\t\t\t<\/div>\n\t\t\t\t\t\t<\/div>\n\t\t\t\t<\/div>\n\t\t\t\t<\/div>\n\t\t\t\t\t\t<\/div>\n\t\t\t\t\t<\/div>\n\t\t<\/div>\n\t\t\t\t\t\t\t\t<\/div>\n\t\t\t\t\t<\/div>\n\t\t<\/section>\n\t\t\t\t\t\t<\/div>\n\t\t\t\t\t\t<\/div>\n\t\t\t\t\t<\/div>\n\t\t","protected":false},"excerpt":{"rendered":"<p>Lien pour inscription Lien pour inscription Lien pour inscription AutocadMEP Informations Dur\u00e9e :\u00a0 \u00a0 3 jours (21 heures) Date et lieu :\u00a0 \u00a0 Sur demande Tarification :\u00a0 \u00a0 Sur demande Participants :\u00a0 \u00a0 Dessinateurs, projeteurs, Ing\u00e9nieurs, Techniciens en CVC, plomberie, \u00e9lectricit\u00e9, synth\u00e8se. Pr\u00e9requis :\u00a0 \u00a0 Ma\u00eetriser les fonctionnalit\u00e9s n\u00e9cessaires pour des r\u00e9alisations fluides compl\u00e8tes. Objectif [&hellip;]<\/p>\n","protected":false},"author":1,"featured_media":0,"parent":647,"menu_order":0,"comment_status":"closed","ping_status":"closed","template":"elementor_header_footer","meta":[],"yoast_head":"<!-- This site is optimized with the Yoast SEO plugin v15.6.2 - https:\/\/yoast.com\/wordpress\/plugins\/seo\/ -->\n<title>AutoCAD MEP -<\/title>\n<meta name=\"robots\" content=\"index, follow, max-snippet:-1, max-image-preview:large, max-video-preview:-1\" \/>\n<link rel=\"canonical\" href=\"https:\/\/www.academie.dao-be.com\/index.php\/formation\/formation-logiciel\/autocad-mep\/\" \/>\n<meta property=\"og:locale\" content=\"en_US\" \/>\n<meta property=\"og:type\" content=\"article\" \/>\n<meta property=\"og:title\" content=\"AutoCAD MEP -\" \/>\n<meta property=\"og:description\" content=\"Lien pour inscription Lien pour inscription Lien pour inscription AutocadMEP Informations Dur\u00e9e :\u00a0 \u00a0 3 jours (21 heures) Date et lieu :\u00a0 \u00a0 Sur demande Tarification :\u00a0 \u00a0 Sur demande Participants :\u00a0 \u00a0 Dessinateurs, projeteurs, Ing\u00e9nieurs, Techniciens en CVC, plomberie, \u00e9lectricit\u00e9, synth\u00e8se. Pr\u00e9requis :\u00a0 \u00a0 Ma\u00eetriser les fonctionnalit\u00e9s n\u00e9cessaires pour des r\u00e9alisations fluides compl\u00e8tes. Objectif [&hellip;]\" \/>\n<meta property=\"og:url\" content=\"https:\/\/www.academie.dao-be.com\/index.php\/formation\/formation-logiciel\/autocad-mep\/\" \/>\n<meta property=\"article:modified_time\" content=\"2024-07-15T09:57:43+00:00\" \/>\n<meta property=\"og:image\" content=\"http:\/\/www.academie.dao-be.com\/wp-content\/uploads\/2020\/01\/DAO.png\" \/>\n<meta name=\"twitter:card\" content=\"summary_large_image\" \/>\n<meta name=\"twitter:label1\" content=\"Est. reading time\">\n\t<meta name=\"twitter:data1\" content=\"3 minutes\">\n<script type=\"application\/ld+json\" class=\"yoast-schema-graph\">{\"@context\":\"https:\/\/schema.org\",\"@graph\":[{\"@type\":\"WebSite\",\"@id\":\"https:\/\/www.academie.dao-be.com\/#website\",\"url\":\"https:\/\/www.academie.dao-be.com\/\",\"name\":\"\",\"description\":\"\",\"potentialAction\":[{\"@type\":\"SearchAction\",\"target\":\"https:\/\/www.academie.dao-be.com\/?s={search_term_string}\",\"query-input\":\"required name=search_term_string\"}],\"inLanguage\":\"en-US\"},{\"@type\":\"ImageObject\",\"@id\":\"https:\/\/www.academie.dao-be.com\/index.php\/formation\/formation-logiciel\/autocad-mep\/#primaryimage\",\"inLanguage\":\"en-US\",\"url\":\"http:\/\/www.academie.dao-be.com\/wp-content\/uploads\/2020\/01\/DAO.png\"},{\"@type\":\"WebPage\",\"@id\":\"https:\/\/www.academie.dao-be.com\/index.php\/formation\/formation-logiciel\/autocad-mep\/#webpage\",\"url\":\"https:\/\/www.academie.dao-be.com\/index.php\/formation\/formation-logiciel\/autocad-mep\/\",\"name\":\"AutoCAD MEP -\",\"isPartOf\":{\"@id\":\"https:\/\/www.academie.dao-be.com\/#website\"},\"primaryImageOfPage\":{\"@id\":\"https:\/\/www.academie.dao-be.com\/index.php\/formation\/formation-logiciel\/autocad-mep\/#primaryimage\"},\"datePublished\":\"2020-02-06T10:35:43+00:00\",\"dateModified\":\"2024-07-15T09:57:43+00:00\",\"inLanguage\":\"en-US\",\"potentialAction\":[{\"@type\":\"ReadAction\",\"target\":[\"https:\/\/www.academie.dao-be.com\/index.php\/formation\/formation-logiciel\/autocad-mep\/\"]}]}]}<\/script>\n<!-- \/ Yoast SEO plugin. -->","_links":{"self":[{"href":"https:\/\/www.academie.dao-be.com\/index.php\/wp-json\/wp\/v2\/pages\/1158"}],"collection":[{"href":"https:\/\/www.academie.dao-be.com\/index.php\/wp-json\/wp\/v2\/pages"}],"about":[{"href":"https:\/\/www.academie.dao-be.com\/index.php\/wp-json\/wp\/v2\/types\/page"}],"author":[{"embeddable":true,"href":"https:\/\/www.academie.dao-be.com\/index.php\/wp-json\/wp\/v2\/users\/1"}],"replies":[{"embeddable":true,"href":"https:\/\/www.academie.dao-be.com\/index.php\/wp-json\/wp\/v2\/comments?post=1158"}],"version-history":[{"count":12,"href":"https:\/\/www.academie.dao-be.com\/index.php\/wp-json\/wp\/v2\/pages\/1158\/revisions"}],"predecessor-version":[{"id":3280,"href":"https:\/\/www.academie.dao-be.com\/index.php\/wp-json\/wp\/v2\/pages\/1158\/revisions\/3280"}],"up":[{"embeddable":true,"href":"https:\/\/www.academie.dao-be.com\/index.php\/wp-json\/wp\/v2\/pages\/647"}],"wp:attachment":[{"href":"https:\/\/www.academie.dao-be.com\/index.php\/wp-json\/wp\/v2\/media?parent=1158"}],"curies":[{"name":"wp","href":"https:\/\/api.w.org\/{rel}","templated":true}]}}