{"id":1117,"date":"2020-02-06T10:25:08","date_gmt":"2020-02-06T09:25:08","guid":{"rendered":"http:\/\/www.academie.dao-be.com\/?page_id=1117"},"modified":"2020-10-19T10:54:35","modified_gmt":"2020-10-19T08:54:35","slug":"html-css","status":"publish","type":"page","link":"https:\/\/www.academie.dao-be.com\/index.php\/formation\/formation-logiciel\/html-css\/","title":{"rendered":"HTML\/CSS"},"content":{"rendered":"\t\t<div data-elementor-type=\"wp-page\" data-elementor-id=\"1117\" class=\"elementor elementor-1117\" data-elementor-settings=\"[]\">\n\t\t\t\t\t\t<div class=\"elementor-inner\">\n\t\t\t\t\t\t\t<div class=\"elementor-section-wrap\">\n\t\t\t\t\t\t\t<section class=\"elementor-section elementor-top-section elementor-element elementor-element-31c1496 elementor-section-stretched elementor-section-full_width elementor-section-height-default elementor-section-height-default\" data-id=\"31c1496\" data-element_type=\"section\" data-settings=\"{&quot;background_background&quot;:&quot;classic&quot;,&quot;stretch_section&quot;:&quot;section-stretched&quot;,&quot;background_motion_fx_motion_fx_scrolling&quot;:&quot;yes&quot;,&quot;background_motion_fx_translateY_effect&quot;:&quot;yes&quot;,&quot;background_motion_fx_translateY_speed&quot;:{&quot;unit&quot;:&quot;px&quot;,&quot;size&quot;:5.3,&quot;sizes&quot;:[]},&quot;background_motion_fx_translateY_affectedRange&quot;:{&quot;unit&quot;:&quot;%&quot;,&quot;size&quot;:&quot;&quot;,&quot;sizes&quot;:{&quot;start&quot;:0,&quot;end&quot;:100}},&quot;background_motion_fx_devices&quot;:[&quot;desktop&quot;,&quot;tablet&quot;,&quot;mobile&quot;]}\">\n\t\t\t\t\t\t\t<div class=\"elementor-background-overlay\"><\/div>\n\t\t\t\t\t\t\t<div class=\"elementor-container elementor-column-gap-no\">\n\t\t\t\t\t\t\t<div class=\"elementor-row\">\n\t\t\t\t\t<div class=\"elementor-column elementor-col-33 elementor-top-column elementor-element elementor-element-fd8df7f\" data-id=\"fd8df7f\" data-element_type=\"column\">\n\t\t\t<div class=\"elementor-column-wrap elementor-element-populated\">\n\t\t\t\t\t\t\t<div class=\"elementor-widget-wrap\">\n\t\t\t\t\t\t<section class=\"elementor-section elementor-inner-section elementor-element elementor-element-ab6ed64 elementor-section-boxed elementor-section-height-default elementor-section-height-default\" data-id=\"ab6ed64\" data-element_type=\"section\">\n\t\t\t\t\t\t<div class=\"elementor-container elementor-column-gap-default\">\n\t\t\t\t\t\t\t<div class=\"elementor-row\">\n\t\t\t\t\t<div class=\"elementor-column elementor-col-100 elementor-inner-column elementor-element elementor-element-cf25710\" data-id=\"cf25710\" data-element_type=\"column\" data-settings=\"{&quot;background_background&quot;:&quot;classic&quot;}\">\n\t\t\t<div class=\"elementor-column-wrap elementor-element-populated\">\n\t\t\t\t\t\t\t<div class=\"elementor-widget-wrap\">\n\t\t\t\t\t\t<div class=\"elementor-element elementor-element-84faca0 elementor-widget elementor-widget-html\" data-id=\"84faca0\" data-element_type=\"widget\" data-widget_type=\"html.default\">\n\t\t\t\t<div class=\"elementor-widget-container\">\n\t\t\t<div>\n    \n    <a href=\"http:\/\/www.academie.dao-be.com\/index.php\/inscription\/\" id=\"lienBouton\">Lien pour inscription Lien pour inscription Lien pour inscription <\/a>\n<\/div>\n<style>\n    #lienBouton{\n        display: block;\n        color:rgba(0,0,0,0);\n        height: 3.5em;\n        width: 100%;\n    }\n<\/style>\t\t<\/div>\n\t\t\t\t<\/div>\n\t\t\t\t\t\t<\/div>\n\t\t\t\t\t<\/div>\n\t\t<\/div>\n\t\t\t\t\t\t\t\t<\/div>\n\t\t\t\t\t<\/div>\n\t\t<\/section>\n\t\t\t\t<div class=\"elementor-element elementor-element-8563791 elementor-widget elementor-widget-spacer\" data-id=\"8563791\" data-element_type=\"widget\" data-widget_type=\"spacer.default\">\n\t\t\t\t<div class=\"elementor-widget-container\">\n\t\t\t\t\t<div class=\"elementor-spacer\">\n\t\t\t<div class=\"elementor-spacer-inner\"><\/div>\n\t\t<\/div>\n\t\t\t\t<\/div>\n\t\t\t\t<\/div>\n\t\t\t\t<div class=\"elementor-element elementor-element-362a6df elementor-widget elementor-widget-heading\" data-id=\"362a6df\" data-element_type=\"widget\" data-widget_type=\"heading.default\">\n\t\t\t\t<div class=\"elementor-widget-container\">\n\t\t\t<h2 class=\"elementor-heading-title elementor-size-default\">HTML\/<br>CSS<\/h2>\t\t<\/div>\n\t\t\t\t<\/div>\n\t\t\t\t<div class=\"elementor-element elementor-element-4e32866 elementor-widget elementor-widget-text-editor\" data-id=\"4e32866\" data-element_type=\"widget\" data-widget_type=\"text-editor.default\">\n\t\t\t\t<div class=\"elementor-widget-container\">\n\t\t\t\t\t<div class=\"elementor-text-editor elementor-clearfix\"><div style=\"width: 593.966px; margin-bottom: 0px; font-size: 18px; letter-spacing: -0.27px;\" data-id=\"ec121d0\" data-element_type=\"widget\" data-widget_type=\"text-editor.default\"><div><div><p><span style=\"color: #dbb90a; font-size: 23px; letter-spacing: -0.27px;\">Niveau : Initiation<\/span><\/p><\/div><\/div><\/div><\/div>\n\t\t\t\t<\/div>\n\t\t\t\t<\/div>\n\t\t\t\t<section class=\"elementor-section elementor-inner-section elementor-element elementor-element-507df5a elementor-section-boxed elementor-section-height-default elementor-section-height-default\" data-id=\"507df5a\" data-element_type=\"section\">\n\t\t\t\t\t\t<div class=\"elementor-container elementor-column-gap-default\">\n\t\t\t\t\t\t\t<div class=\"elementor-row\">\n\t\t\t\t\t<div class=\"elementor-column elementor-col-25 elementor-inner-column elementor-element elementor-element-ab2780f\" data-id=\"ab2780f\" data-element_type=\"column\">\n\t\t\t<div class=\"elementor-column-wrap elementor-element-populated\">\n\t\t\t\t\t\t\t<div class=\"elementor-widget-wrap\">\n\t\t\t\t\t\t\t\t<\/div>\n\t\t\t\t\t<\/div>\n\t\t<\/div>\n\t\t\t\t<div class=\"elementor-column elementor-col-25 elementor-inner-column elementor-element elementor-element-9c6bbec\" data-id=\"9c6bbec\" data-element_type=\"column\">\n\t\t\t<div class=\"elementor-column-wrap elementor-element-populated\">\n\t\t\t\t\t\t\t<div class=\"elementor-widget-wrap\">\n\t\t\t\t\t\t\t\t<\/div>\n\t\t\t\t\t<\/div>\n\t\t<\/div>\n\t\t\t\t<div class=\"elementor-column elementor-col-50 elementor-inner-column elementor-element elementor-element-6891ab8\" data-id=\"6891ab8\" data-element_type=\"column\">\n\t\t\t<div class=\"elementor-column-wrap\">\n\t\t\t\t\t\t\t<div class=\"elementor-widget-wrap\">\n\t\t\t\t\t\t\t\t<\/div>\n\t\t\t\t\t<\/div>\n\t\t<\/div>\n\t\t\t\t\t\t\t\t<\/div>\n\t\t\t\t\t<\/div>\n\t\t<\/section>\n\t\t\t\t<div class=\"elementor-element elementor-element-7b2b513 elementor-widget elementor-widget-spacer\" data-id=\"7b2b513\" data-element_type=\"widget\" data-widget_type=\"spacer.default\">\n\t\t\t\t<div class=\"elementor-widget-container\">\n\t\t\t\t\t<div class=\"elementor-spacer\">\n\t\t\t<div class=\"elementor-spacer-inner\"><\/div>\n\t\t<\/div>\n\t\t\t\t<\/div>\n\t\t\t\t<\/div>\n\t\t\t\t\t\t<\/div>\n\t\t\t\t\t<\/div>\n\t\t<\/div>\n\t\t\t\t<div class=\"elementor-column elementor-col-33 elementor-top-column elementor-element elementor-element-9d3815d\" data-id=\"9d3815d\" data-element_type=\"column\">\n\t\t\t<div class=\"elementor-column-wrap elementor-element-populated\">\n\t\t\t\t\t\t\t<div class=\"elementor-widget-wrap\">\n\t\t\t\t\t\t<div class=\"elementor-element elementor-element-12ecf79 elementor-widget elementor-widget-spacer\" data-id=\"12ecf79\" data-element_type=\"widget\" data-widget_type=\"spacer.default\">\n\t\t\t\t<div class=\"elementor-widget-container\">\n\t\t\t\t\t<div class=\"elementor-spacer\">\n\t\t\t<div class=\"elementor-spacer-inner\"><\/div>\n\t\t<\/div>\n\t\t\t\t<\/div>\n\t\t\t\t<\/div>\n\t\t\t\t<section class=\"elementor-section elementor-inner-section elementor-element elementor-element-0a6dcb4 elementor-section-content-bottom elementor-section-boxed elementor-section-height-default elementor-section-height-default\" data-id=\"0a6dcb4\" data-element_type=\"section\">\n\t\t\t\t\t\t<div class=\"elementor-container elementor-column-gap-default\">\n\t\t\t\t\t\t\t<div class=\"elementor-row\">\n\t\t\t\t\t<div class=\"elementor-column elementor-col-33 elementor-inner-column elementor-element elementor-element-6d98893\" data-id=\"6d98893\" data-element_type=\"column\">\n\t\t\t<div class=\"elementor-column-wrap\">\n\t\t\t\t\t\t\t<div class=\"elementor-widget-wrap\">\n\t\t\t\t\t\t\t\t<\/div>\n\t\t\t\t\t<\/div>\n\t\t<\/div>\n\t\t\t\t<div class=\"elementor-column elementor-col-33 elementor-inner-column elementor-element elementor-element-57ed0cf\" data-id=\"57ed0cf\" data-element_type=\"column\">\n\t\t\t<div class=\"elementor-column-wrap elementor-element-populated\">\n\t\t\t\t\t\t\t<div class=\"elementor-widget-wrap\">\n\t\t\t\t\t\t\t\t<\/div>\n\t\t\t\t\t<\/div>\n\t\t<\/div>\n\t\t\t\t<div class=\"elementor-column elementor-col-33 elementor-inner-column elementor-element elementor-element-fe780d8\" data-id=\"fe780d8\" data-element_type=\"column\">\n\t\t\t<div class=\"elementor-column-wrap elementor-element-populated\">\n\t\t\t\t\t\t\t<div class=\"elementor-widget-wrap\">\n\t\t\t\t\t\t<div class=\"elementor-element elementor-element-08a4ad5 elementor-widget elementor-widget-image\" data-id=\"08a4ad5\" data-element_type=\"widget\" data-widget_type=\"image.default\">\n\t\t\t\t<div class=\"elementor-widget-container\">\n\t\t\t\t\t<div class=\"elementor-image\">\n\t\t\t\t\t\t\t\t\t\t<img width=\"93\" height=\"93\" src=\"https:\/\/www.academie.dao-be.com\/wp-content\/uploads\/2020\/02\/infographie.png\" class=\"attachment-large size-large\" alt=\"\" loading=\"lazy\" \/>\t\t\t\t\t\t\t\t\t\t\t<\/div>\n\t\t\t\t<\/div>\n\t\t\t\t<\/div>\n\t\t\t\t\t\t<\/div>\n\t\t\t\t\t<\/div>\n\t\t<\/div>\n\t\t\t\t\t\t\t\t<\/div>\n\t\t\t\t\t<\/div>\n\t\t<\/section>\n\t\t\t\t\t\t<\/div>\n\t\t\t\t\t<\/div>\n\t\t<\/div>\n\t\t\t\t<div class=\"elementor-column elementor-col-33 elementor-top-column elementor-element elementor-element-f216d6c\" data-id=\"f216d6c\" data-element_type=\"column\" data-settings=\"{&quot;background_background&quot;:&quot;classic&quot;}\">\n\t\t\t<div class=\"elementor-column-wrap elementor-element-populated\">\n\t\t\t\t\t\t\t<div class=\"elementor-widget-wrap\">\n\t\t\t\t\t\t<div class=\"elementor-element elementor-element-d975e9f elementor-widget elementor-widget-spacer\" data-id=\"d975e9f\" data-element_type=\"widget\" data-widget_type=\"spacer.default\">\n\t\t\t\t<div class=\"elementor-widget-container\">\n\t\t\t\t\t<div class=\"elementor-spacer\">\n\t\t\t<div class=\"elementor-spacer-inner\"><\/div>\n\t\t<\/div>\n\t\t\t\t<\/div>\n\t\t\t\t<\/div>\n\t\t\t\t<div class=\"elementor-element elementor-element-09b317a elementor-widget elementor-widget-heading\" data-id=\"09b317a\" data-element_type=\"widget\" data-widget_type=\"heading.default\">\n\t\t\t\t<div class=\"elementor-widget-container\">\n\t\t\t<h3 class=\"elementor-heading-title elementor-size-default\">Informations<\/h3>\t\t<\/div>\n\t\t\t\t<\/div>\n\t\t\t\t<div class=\"elementor-element elementor-element-902e452 elementor-widget__width-inherit elementor-widget elementor-widget-text-editor\" data-id=\"902e452\" data-element_type=\"widget\" data-widget_type=\"text-editor.default\">\n\t\t\t\t<div class=\"elementor-widget-container\">\n\t\t\t\t\t<div class=\"elementor-text-editor elementor-clearfix\"><p><strong>Dur\u00e9e :<\/strong><br \/>\u00a0 \u00a0 1 jour\u00a0 (7 heures)<\/p><p><strong>Date et lieu :<\/strong><br \/>\u00a0 \u00a0 Sur demande<\/p><p><strong>Tarification :<\/strong><br \/>\u00a0 \u00a0 Sur demande<\/p><p><strong>Participants :<\/strong><br \/>\u00a0 \u00a0 Toutes les personnes d\u00e9sirant s\u2019initier aux fondamentaux de la cr\u00e9ation de pages Web<\/p><p><strong>Pr\u00e9requis :<\/strong><br \/>\u00a0 \u00a0 Pratique courante d\u2019Internet<\/p><p><strong>Objectif :<\/strong><br \/>\u2022 Pratique du langage HTML dans un \u00e9diteur en mode texte, audit de code en ligne<br \/>\u2022 D\u00e9couvertes d\u2019outils et de r\u00e9f\u00e9rentiels<\/p><p><strong>Nombre de personnes par session :<\/strong><br \/>\u00a0 \u00a0 1 \u00e0 5<\/p><p><strong>Mat\u00e9riels :<\/strong><br \/>\u00a0 \u00a0 1 ordinateur par personne<br \/>\u00a0 \u00a0 Supports de cours (informatique ou papier)<\/p><\/div>\n\t\t\t\t<\/div>\n\t\t\t\t<\/div>\n\t\t\t\t\t\t<\/div>\n\t\t\t\t\t<\/div>\n\t\t<\/div>\n\t\t\t\t\t\t\t\t<\/div>\n\t\t\t\t\t<\/div>\n\t\t<\/section>\n\t\t\t\t<section class=\"elementor-section elementor-top-section elementor-element elementor-element-bc367f3 elementor-section-stretched elementor-section-full_width elementor-section-height-default elementor-section-height-default\" data-id=\"bc367f3\" data-element_type=\"section\" data-settings=\"{&quot;stretch_section&quot;:&quot;section-stretched&quot;}\">\n\t\t\t\t\t\t<div class=\"elementor-container elementor-column-gap-default\">\n\t\t\t\t\t\t\t<div class=\"elementor-row\">\n\t\t\t\t\t<div class=\"elementor-column elementor-col-33 elementor-top-column elementor-element elementor-element-0e79e23\" data-id=\"0e79e23\" data-element_type=\"column\">\n\t\t\t<div class=\"elementor-column-wrap elementor-element-populated\">\n\t\t\t\t\t\t\t<div class=\"elementor-widget-wrap\">\n\t\t\t\t\t\t<div class=\"elementor-element elementor-element-b24361c elementor-widget elementor-widget-image\" data-id=\"b24361c\" data-element_type=\"widget\" data-widget_type=\"image.default\">\n\t\t\t\t<div class=\"elementor-widget-container\">\n\t\t\t\t\t<div class=\"elementor-image\">\n\t\t\t\t\t\t\t\t\t\t<img width=\"32\" height=\"38\" src=\"https:\/\/www.academie.dao-be.com\/wp-content\/uploads\/2020\/01\/Trac\u00e9-91.png\" class=\"attachment-full size-full\" alt=\"\" loading=\"lazy\" \/>\t\t\t\t\t\t\t\t\t\t\t<\/div>\n\t\t\t\t<\/div>\n\t\t\t\t<\/div>\n\t\t\t\t\t\t<\/div>\n\t\t\t\t\t<\/div>\n\t\t<\/div>\n\t\t\t\t<div class=\"elementor-column elementor-col-33 elementor-top-column elementor-element elementor-element-d2cb505\" data-id=\"d2cb505\" data-element_type=\"column\">\n\t\t\t<div class=\"elementor-column-wrap elementor-element-populated\">\n\t\t\t\t\t\t\t<div class=\"elementor-widget-wrap\">\n\t\t\t\t\t\t<div class=\"elementor-element elementor-element-24fe609 elementor-widget elementor-widget-heading\" data-id=\"24fe609\" data-element_type=\"widget\" data-widget_type=\"heading.default\">\n\t\t\t\t<div class=\"elementor-widget-container\">\n\t\t\t<h3 class=\"elementor-heading-title elementor-size-default\">Programme<\/h3>\t\t<\/div>\n\t\t\t\t<\/div>\n\t\t\t\t<div class=\"elementor-element elementor-element-8850ca9 elementor-widget-divider--view-line elementor-widget elementor-widget-divider\" data-id=\"8850ca9\" data-element_type=\"widget\" data-widget_type=\"divider.default\">\n\t\t\t\t<div class=\"elementor-widget-container\">\n\t\t\t\t\t<div class=\"elementor-divider\">\n\t\t\t<span class=\"elementor-divider-separator\">\n\t\t\t\t\t\t<\/span>\n\t\t<\/div>\n\t\t\t\t<\/div>\n\t\t\t\t<\/div>\n\t\t\t\t<div class=\"elementor-element elementor-element-35242d8 elementor-widget elementor-widget-text-editor\" data-id=\"35242d8\" data-element_type=\"widget\" data-widget_type=\"text-editor.default\">\n\t\t\t\t<div class=\"elementor-widget-container\">\n\t\t\t\t\t<div class=\"elementor-text-editor elementor-clearfix\"><p><strong>Pr\u00e9sentation du langage HTML<\/strong><br \/>\u2022 D\u00e9monstration<br \/>\u2022 Affichage du code source de pages HTML5<br \/>\u2022 La structure d\u2019un document HTML<br \/>\u2022 Le &lt;head&gt;. Le &lt;body&gt;<br \/>\u2022 Les balises s\u00e9mantiques et g\u00e9n\u00e9riques<br \/>\u2022 Les attributs<\/p><p><br \/><strong>Exercice<\/strong><br \/>\u2022 D\u00e9couverte de la structure type d\u2019un document HTML et des balises qui le constituent. Construction de la structure de base d\u2019un document<br \/>\u2022 Le &lt;head&gt;, l\u2019en-t\u00eate d\u2019un document HTML<br \/>\u00a0 \u00a0 \u00a0 \u00a0 \u00a0&#8211; La balise &lt;title&gt;<br \/>\u00a0 \u00a0 \u00a0 \u00a0 \u00a0&#8211; Les balises &lt;meta&gt;<br \/>\u00a0 \u00a0 \u00a0 \u00a0 \u00a0&#8211; Les balises &lt;link&gt;, &lt;script&gt; et &lt;style&gt;<\/p><p><br \/><strong>Exercice<\/strong><br \/>\u2022 Construction du &lt;head&gt; du document. Aper\u00e7u du &lt;title&gt; et du &lt;m\u00e9ta&gt;<br \/>\u2022 Le &lt;body&gt;, le corps d\u2019un document HTML<br \/>\u00a0 \u00a0 \u00a0 \u00a0 \u00a0 &#8211; Les balises block : &lt;div&gt;, &lt;p&gt;, &lt;h&gt;, &#8230;<br \/>\u00a0 \u00a0 \u00a0 \u00a0 \u00a0 &#8211; Les balises inline : &lt;a&gt;, &lt;img&gt;, &lt;span&gt;, &#8230;<br \/>\u00a0 \u00a0 \u00a0 \u00a0 \u00a0 &#8211; Autres balises, &#8230;<br \/>\u00a0 \u00a0 \u00a0 \u00a0 \u00a0 &#8211; Le commentaire HTML<\/p><p><br \/><strong>Exercice<\/strong><br \/>\u2022 Construction du corps du document avec plusieurs paragraphes,images, titres et une liste<br \/>\u2022 L\u2019affichage de donn\u00e9es tabulaires<br \/>\u00a0 \u00a0 \u00a0 \u00a0 \u00a0&#8211; La balise &lt;table&gt;<br \/>\u00a0 \u00a0 \u00a0 \u00a0 \u00a0&#8211; Les attributs \u00ab height \u00ab, \u00ab width \u00ab et \u00ab border \u00bb<br \/>\u00a0 \u00a0 \u00a0 \u00a0 \u00a0&#8211; Les balises &lt;tr&gt;, &lt;td&gt;, &lt;th&gt;, &lt;tbody&gt;, &lt;thead&gt;, &lt;tfoot&gt;<br \/>\u2022 Les attributs \u00ab colspan \u00ab et \u00ab rowspan \u00bb<br \/>\u2022 Les attributs \u00ab scope \u00ab et \u00ab summary \u00bb<\/p><p><br \/><strong>Exercice<\/strong><br \/>\u2022 R\u00e9alisation d\u2019une page avec un tableau simple \u00e0 partir du mod\u00e8le de page d\u00e9j\u00e0 constitu\u00e9<br \/>\u2022 Les principales balises de formulaires<br \/>\u00a0 \u00a0 \u00a0 \u00a0 &#8211; La balise &lt;form&gt;<br \/>\u00a0 \u00a0 \u00a0 \u00a0 &#8211; Les attributs \u00ab method \u00ab et \u00ab action \u00bb<br \/>\u00a0 \u00a0 \u00a0 \u00a0 &#8211; Les balises &lt;label&gt; et &lt;input&gt;<br \/>\u00a0 \u00a0 \u00a0 \u00a0 &#8211; Les attributs \u00ab name \u00ab et \u00ab id \u00bb<\/p><p><br \/><strong>Exercice<\/strong><br \/>\u2022 R\u00e9alisation d\u2019un formulaire simple \u00e0 partir du mod\u00e8le de page d\u00e9j\u00e0 constitu\u00e9<br \/>\u2022 L\u2019accessibilit\u00e9 num\u00e9rique et r\u00e9glementation internet<br \/>\u00a0 \u00a0 \u00a0 \u00a0 &#8211; D\u00e9finition et cadre l\u00e9gal de l\u2019accessibilit\u00e9<br \/>\u00a0 \u00a0 \u00a0 \u00a0 &#8211; Les outils d\u2019audit<br \/>\u00a0 \u00a0 \u00a0 \u00a0 &#8211; RGPD<\/p><p><br \/><strong>Exercice<\/strong><br \/>\u2022 Audit d\u2019une page Web<\/p><\/div>\n\t\t\t\t<\/div>\n\t\t\t\t<\/div>\n\t\t\t\t\t\t<\/div>\n\t\t\t\t\t<\/div>\n\t\t<\/div>\n\t\t\t\t<div class=\"elementor-column elementor-col-33 elementor-top-column elementor-element elementor-element-2ec03c7\" data-id=\"2ec03c7\" data-element_type=\"column\" data-settings=\"{&quot;background_background&quot;:&quot;classic&quot;}\">\n\t\t\t<div class=\"elementor-column-wrap elementor-element-populated\">\n\t\t\t\t\t\t\t<div class=\"elementor-widget-wrap\">\n\t\t\t\t\t\t<div class=\"elementor-element elementor-element-6099248 elementor-share-buttons--view-icon elementor-share-buttons--shape-circle elementor-share-buttons--align-center elementor-share-buttons--skin-gradient elementor-grid-0 elementor-share-buttons--color-official elementor-widget elementor-widget-share-buttons\" data-id=\"6099248\" data-element_type=\"widget\" data-widget_type=\"share-buttons.default\">\n\t\t\t\t<div class=\"elementor-widget-container\">\n\t\t\t\t\t<div class=\"elementor-grid\">\n\t\t\t\t\t\t\t<div class=\"elementor-grid-item\">\n\t\t\t\t\t<div class=\"elementor-share-btn elementor-share-btn_facebook\">\n\t\t\t\t\t\t\t\t\t\t\t\t\t<span class=\"elementor-share-btn__icon\">\n\t\t\t\t\t\t\t\t<i class=\"fab fa-facebook\" aria-hidden=\"true\"><\/i>\n\t\t\t\t\t\t\t\t<span class=\"elementor-screen-only\">Share on facebook<\/span>\n\t\t\t\t\t\t\t<\/span>\n\t\t\t\t\t\t\t\t\t\t\t\t\t\t\t\t\t<\/div>\n\t\t\t\t<\/div>\n\t\t\t\t\t\t\t\t<div class=\"elementor-grid-item\">\n\t\t\t\t\t<div class=\"elementor-share-btn elementor-share-btn_linkedin\">\n\t\t\t\t\t\t\t\t\t\t\t\t\t<span class=\"elementor-share-btn__icon\">\n\t\t\t\t\t\t\t\t<i class=\"fab fa-linkedin\" aria-hidden=\"true\"><\/i>\n\t\t\t\t\t\t\t\t<span class=\"elementor-screen-only\">Share on linkedin<\/span>\n\t\t\t\t\t\t\t<\/span>\n\t\t\t\t\t\t\t\t\t\t\t\t\t\t\t\t\t<\/div>\n\t\t\t\t<\/div>\n\t\t\t\t\t\t\t\t<div class=\"elementor-grid-item\">\n\t\t\t\t\t<div class=\"elementor-share-btn elementor-share-btn_email\">\n\t\t\t\t\t\t\t\t\t\t\t\t\t<span class=\"elementor-share-btn__icon\">\n\t\t\t\t\t\t\t\t<i class=\"fas fa-envelope\" aria-hidden=\"true\"><\/i>\n\t\t\t\t\t\t\t\t<span class=\"elementor-screen-only\">Share on email<\/span>\n\t\t\t\t\t\t\t<\/span>\n\t\t\t\t\t\t\t\t\t\t\t\t\t\t\t\t\t<\/div>\n\t\t\t\t<\/div>\n\t\t\t\t\t\t\t\t<div class=\"elementor-grid-item\">\n\t\t\t\t\t<div class=\"elementor-share-btn elementor-share-btn_whatsapp\">\n\t\t\t\t\t\t\t\t\t\t\t\t\t<span class=\"elementor-share-btn__icon\">\n\t\t\t\t\t\t\t\t<i class=\"fab fa-whatsapp\" aria-hidden=\"true\"><\/i>\n\t\t\t\t\t\t\t\t<span class=\"elementor-screen-only\">Share on whatsapp<\/span>\n\t\t\t\t\t\t\t<\/span>\n\t\t\t\t\t\t\t\t\t\t\t\t\t\t\t\t\t<\/div>\n\t\t\t\t<\/div>\n\t\t\t\t\t\t\t\t<div class=\"elementor-grid-item\">\n\t\t\t\t\t<div class=\"elementor-share-btn elementor-share-btn_print\">\n\t\t\t\t\t\t\t\t\t\t\t\t\t<span class=\"elementor-share-btn__icon\">\n\t\t\t\t\t\t\t\t<i class=\"fas fa-print\" aria-hidden=\"true\"><\/i>\n\t\t\t\t\t\t\t\t<span class=\"elementor-screen-only\">Share on print<\/span>\n\t\t\t\t\t\t\t<\/span>\n\t\t\t\t\t\t\t\t\t\t\t\t\t\t\t\t\t<\/div>\n\t\t\t\t<\/div>\n\t\t\t\t\t\t<\/div>\n\t\t\t\t<\/div>\n\t\t\t\t<\/div>\n\t\t\t\t<div class=\"elementor-element elementor-element-30fbb8c elementor-widget elementor-widget-spacer\" data-id=\"30fbb8c\" data-element_type=\"widget\" data-widget_type=\"spacer.default\">\n\t\t\t\t<div class=\"elementor-widget-container\">\n\t\t\t\t\t<div class=\"elementor-spacer\">\n\t\t\t<div class=\"elementor-spacer-inner\"><\/div>\n\t\t<\/div>\n\t\t\t\t<\/div>\n\t\t\t\t<\/div>\n\t\t\t\t<div class=\"elementor-element elementor-element-9e853f4 titreNiveau elementor-widget elementor-widget-heading\" data-id=\"9e853f4\" data-element_type=\"widget\" data-widget_type=\"heading.default\">\n\t\t\t\t<div class=\"elementor-widget-container\">\n\t\t\t<h4 class=\"elementor-heading-title elementor-size-default\">Initiation<\/h4>\t\t<\/div>\n\t\t\t\t<\/div>\n\t\t\t\t\t\t<\/div>\n\t\t\t\t\t<\/div>\n\t\t<\/div>\n\t\t\t\t\t\t\t\t<\/div>\n\t\t\t\t\t<\/div>\n\t\t<\/section>\n\t\t\t\t\t\t<\/div>\n\t\t\t\t\t\t<\/div>\n\t\t\t\t\t<\/div>\n\t\t","protected":false},"excerpt":{"rendered":"<p>Lien pour inscription Lien pour inscription Lien pour inscription HTML\/CSS Niveau : Initiation Informations Dur\u00e9e :\u00a0 \u00a0 1 jour\u00a0 (7 heures) Date et lieu :\u00a0 \u00a0 Sur demande Tarification :\u00a0 \u00a0 Sur demande Participants :\u00a0 \u00a0 Toutes les personnes d\u00e9sirant s\u2019initier aux fondamentaux de la cr\u00e9ation de pages Web Pr\u00e9requis :\u00a0 \u00a0 Pratique courante d\u2019Internet [&hellip;]<\/p>\n","protected":false},"author":1,"featured_media":0,"parent":647,"menu_order":0,"comment_status":"closed","ping_status":"closed","template":"elementor_header_footer","meta":[],"yoast_head":"<!-- This site is optimized with the Yoast SEO plugin v15.6.2 - https:\/\/yoast.com\/wordpress\/plugins\/seo\/ -->\n<title>HTML\/CSS -<\/title>\n<meta name=\"robots\" content=\"index, follow, max-snippet:-1, max-image-preview:large, max-video-preview:-1\" \/>\n<link rel=\"canonical\" href=\"https:\/\/www.academie.dao-be.com\/index.php\/formation\/formation-logiciel\/html-css\/\" \/>\n<meta property=\"og:locale\" content=\"en_US\" \/>\n<meta property=\"og:type\" content=\"article\" \/>\n<meta property=\"og:title\" content=\"HTML\/CSS -\" \/>\n<meta property=\"og:description\" content=\"Lien pour inscription Lien pour inscription Lien pour inscription HTML\/CSS Niveau : Initiation Informations Dur\u00e9e :\u00a0 \u00a0 1 jour\u00a0 (7 heures) Date et lieu :\u00a0 \u00a0 Sur demande Tarification :\u00a0 \u00a0 Sur demande Participants :\u00a0 \u00a0 Toutes les personnes d\u00e9sirant s\u2019initier aux fondamentaux de la cr\u00e9ation de pages Web Pr\u00e9requis :\u00a0 \u00a0 Pratique courante d\u2019Internet [&hellip;]\" \/>\n<meta property=\"og:url\" content=\"https:\/\/www.academie.dao-be.com\/index.php\/formation\/formation-logiciel\/html-css\/\" \/>\n<meta property=\"article:modified_time\" content=\"2020-10-19T08:54:35+00:00\" \/>\n<meta property=\"og:image\" content=\"http:\/\/www.academie.dao-be.com\/wp-content\/uploads\/2020\/02\/infographie.png\" \/>\n<meta name=\"twitter:card\" content=\"summary_large_image\" \/>\n<meta name=\"twitter:label1\" content=\"Est. reading time\">\n\t<meta name=\"twitter:data1\" content=\"2 minutes\">\n<script type=\"application\/ld+json\" class=\"yoast-schema-graph\">{\"@context\":\"https:\/\/schema.org\",\"@graph\":[{\"@type\":\"WebSite\",\"@id\":\"https:\/\/www.academie.dao-be.com\/#website\",\"url\":\"https:\/\/www.academie.dao-be.com\/\",\"name\":\"\",\"description\":\"\",\"potentialAction\":[{\"@type\":\"SearchAction\",\"target\":\"https:\/\/www.academie.dao-be.com\/?s={search_term_string}\",\"query-input\":\"required name=search_term_string\"}],\"inLanguage\":\"en-US\"},{\"@type\":\"ImageObject\",\"@id\":\"https:\/\/www.academie.dao-be.com\/index.php\/formation\/formation-logiciel\/html-css\/#primaryimage\",\"inLanguage\":\"en-US\",\"url\":\"http:\/\/www.academie.dao-be.com\/wp-content\/uploads\/2020\/02\/infographie.png\"},{\"@type\":\"WebPage\",\"@id\":\"https:\/\/www.academie.dao-be.com\/index.php\/formation\/formation-logiciel\/html-css\/#webpage\",\"url\":\"https:\/\/www.academie.dao-be.com\/index.php\/formation\/formation-logiciel\/html-css\/\",\"name\":\"HTML\/CSS -\",\"isPartOf\":{\"@id\":\"https:\/\/www.academie.dao-be.com\/#website\"},\"primaryImageOfPage\":{\"@id\":\"https:\/\/www.academie.dao-be.com\/index.php\/formation\/formation-logiciel\/html-css\/#primaryimage\"},\"datePublished\":\"2020-02-06T09:25:08+00:00\",\"dateModified\":\"2020-10-19T08:54:35+00:00\",\"inLanguage\":\"en-US\",\"potentialAction\":[{\"@type\":\"ReadAction\",\"target\":[\"https:\/\/www.academie.dao-be.com\/index.php\/formation\/formation-logiciel\/html-css\/\"]}]}]}<\/script>\n<!-- \/ Yoast SEO plugin. -->","_links":{"self":[{"href":"https:\/\/www.academie.dao-be.com\/index.php\/wp-json\/wp\/v2\/pages\/1117"}],"collection":[{"href":"https:\/\/www.academie.dao-be.com\/index.php\/wp-json\/wp\/v2\/pages"}],"about":[{"href":"https:\/\/www.academie.dao-be.com\/index.php\/wp-json\/wp\/v2\/types\/page"}],"author":[{"embeddable":true,"href":"https:\/\/www.academie.dao-be.com\/index.php\/wp-json\/wp\/v2\/users\/1"}],"replies":[{"embeddable":true,"href":"https:\/\/www.academie.dao-be.com\/index.php\/wp-json\/wp\/v2\/comments?post=1117"}],"version-history":[{"count":12,"href":"https:\/\/www.academie.dao-be.com\/index.php\/wp-json\/wp\/v2\/pages\/1117\/revisions"}],"predecessor-version":[{"id":3012,"href":"https:\/\/www.academie.dao-be.com\/index.php\/wp-json\/wp\/v2\/pages\/1117\/revisions\/3012"}],"up":[{"embeddable":true,"href":"https:\/\/www.academie.dao-be.com\/index.php\/wp-json\/wp\/v2\/pages\/647"}],"wp:attachment":[{"href":"https:\/\/www.academie.dao-be.com\/index.php\/wp-json\/wp\/v2\/media?parent=1117"}],"curies":[{"name":"wp","href":"https:\/\/api.w.org\/{rel}","templated":true}]}}