{"id":1052,"date":"2020-02-06T10:09:43","date_gmt":"2020-02-06T09:09:43","guid":{"rendered":"http:\/\/www.academie.dao-be.com\/?page_id=1052"},"modified":"2024-07-15T11:55:33","modified_gmt":"2024-07-15T09:55:33","slug":"zwcad-perf","status":"publish","type":"page","link":"https:\/\/www.academie.dao-be.com\/index.php\/formation\/formation-logiciel\/zwcad-perf\/","title":{"rendered":"ZWCAD Perfectionnement"},"content":{"rendered":"\t\t<div data-elementor-type=\"wp-page\" data-elementor-id=\"1052\" class=\"elementor elementor-1052\" data-elementor-settings=\"[]\">\n\t\t\t\t\t\t<div class=\"elementor-inner\">\n\t\t\t\t\t\t\t<div class=\"elementor-section-wrap\">\n\t\t\t\t\t\t\t<section class=\"elementor-section elementor-top-section elementor-element elementor-element-31c1496 elementor-section-stretched elementor-section-full_width elementor-section-height-default elementor-section-height-default\" data-id=\"31c1496\" data-element_type=\"section\" data-settings=\"{&quot;background_background&quot;:&quot;classic&quot;,&quot;stretch_section&quot;:&quot;section-stretched&quot;,&quot;background_motion_fx_motion_fx_scrolling&quot;:&quot;yes&quot;,&quot;background_motion_fx_translateY_effect&quot;:&quot;yes&quot;,&quot;background_motion_fx_translateY_speed&quot;:{&quot;unit&quot;:&quot;px&quot;,&quot;size&quot;:5.3,&quot;sizes&quot;:[]},&quot;background_motion_fx_translateY_affectedRange&quot;:{&quot;unit&quot;:&quot;%&quot;,&quot;size&quot;:&quot;&quot;,&quot;sizes&quot;:{&quot;start&quot;:0,&quot;end&quot;:100}},&quot;background_motion_fx_devices&quot;:[&quot;desktop&quot;,&quot;tablet&quot;,&quot;mobile&quot;]}\">\n\t\t\t\t\t\t\t<div class=\"elementor-background-overlay\"><\/div>\n\t\t\t\t\t\t\t<div class=\"elementor-container elementor-column-gap-no\">\n\t\t\t\t\t\t\t<div class=\"elementor-row\">\n\t\t\t\t\t<div class=\"elementor-column elementor-col-33 elementor-top-column elementor-element elementor-element-fd8df7f\" data-id=\"fd8df7f\" data-element_type=\"column\">\n\t\t\t<div class=\"elementor-column-wrap elementor-element-populated\">\n\t\t\t\t\t\t\t<div class=\"elementor-widget-wrap\">\n\t\t\t\t\t\t<section class=\"elementor-section elementor-inner-section elementor-element elementor-element-ab6ed64 elementor-section-boxed elementor-section-height-default elementor-section-height-default\" data-id=\"ab6ed64\" data-element_type=\"section\">\n\t\t\t\t\t\t<div class=\"elementor-container elementor-column-gap-default\">\n\t\t\t\t\t\t\t<div class=\"elementor-row\">\n\t\t\t\t\t<div class=\"elementor-column elementor-col-100 elementor-inner-column elementor-element elementor-element-cf25710\" data-id=\"cf25710\" data-element_type=\"column\" data-settings=\"{&quot;background_background&quot;:&quot;classic&quot;}\">\n\t\t\t<div class=\"elementor-column-wrap elementor-element-populated\">\n\t\t\t\t\t\t\t<div class=\"elementor-widget-wrap\">\n\t\t\t\t\t\t<div class=\"elementor-element elementor-element-a030110 elementor-widget elementor-widget-html\" data-id=\"a030110\" data-element_type=\"widget\" data-widget_type=\"html.default\">\n\t\t\t\t<div class=\"elementor-widget-container\">\n\t\t\t<div>\n    \n    <a href=\"http:\/\/www.academie.dao-be.com\/index.php\/inscription\/\" id=\"lienBouton\">Lien pour inscription Lien pour inscription Lien pour inscription <\/a>\n<\/div>\n<style>\n    #lienBouton{\n        display: block;\n        color:rgba(0,0,0,0);\n        height: 3.5em;\n        width: 100%;\n    }\n<\/style>\t\t<\/div>\n\t\t\t\t<\/div>\n\t\t\t\t\t\t<\/div>\n\t\t\t\t\t<\/div>\n\t\t<\/div>\n\t\t\t\t\t\t\t\t<\/div>\n\t\t\t\t\t<\/div>\n\t\t<\/section>\n\t\t\t\t<div class=\"elementor-element elementor-element-8563791 elementor-widget elementor-widget-spacer\" data-id=\"8563791\" data-element_type=\"widget\" data-widget_type=\"spacer.default\">\n\t\t\t\t<div class=\"elementor-widget-container\">\n\t\t\t\t\t<div class=\"elementor-spacer\">\n\t\t\t<div class=\"elementor-spacer-inner\"><\/div>\n\t\t<\/div>\n\t\t\t\t<\/div>\n\t\t\t\t<\/div>\n\t\t\t\t<div class=\"elementor-element elementor-element-362a6df elementor-widget elementor-widget-heading\" data-id=\"362a6df\" data-element_type=\"widget\" data-widget_type=\"heading.default\">\n\t\t\t\t<div class=\"elementor-widget-container\">\n\t\t\t<h2 class=\"elementor-heading-title elementor-size-default\">ZWCAD<\/h2>\t\t<\/div>\n\t\t\t\t<\/div>\n\t\t\t\t<div class=\"elementor-element elementor-element-4e32866 elementor-widget elementor-widget-text-editor\" data-id=\"4e32866\" data-element_type=\"widget\" data-widget_type=\"text-editor.default\">\n\t\t\t\t<div class=\"elementor-widget-container\">\n\t\t\t\t\t<div class=\"elementor-text-editor elementor-clearfix\"><p>Niveau : Perfectionnement<\/p><\/div>\n\t\t\t\t<\/div>\n\t\t\t\t<\/div>\n\t\t\t\t<section class=\"elementor-section elementor-inner-section elementor-element elementor-element-507df5a elementor-section-boxed elementor-section-height-default elementor-section-height-default\" data-id=\"507df5a\" data-element_type=\"section\">\n\t\t\t\t\t\t<div class=\"elementor-container elementor-column-gap-default\">\n\t\t\t\t\t\t\t<div class=\"elementor-row\">\n\t\t\t\t\t<div class=\"elementor-column elementor-col-25 elementor-inner-column elementor-element elementor-element-ab2780f\" data-id=\"ab2780f\" data-element_type=\"column\">\n\t\t\t<div class=\"elementor-column-wrap\">\n\t\t\t\t\t\t\t<div class=\"elementor-widget-wrap\">\n\t\t\t\t\t\t\t\t<\/div>\n\t\t\t\t\t<\/div>\n\t\t<\/div>\n\t\t\t\t<div class=\"elementor-column elementor-col-25 elementor-inner-column elementor-element elementor-element-9c6bbec\" data-id=\"9c6bbec\" data-element_type=\"column\">\n\t\t\t<div class=\"elementor-column-wrap\">\n\t\t\t\t\t\t\t<div class=\"elementor-widget-wrap\">\n\t\t\t\t\t\t\t\t<\/div>\n\t\t\t\t\t<\/div>\n\t\t<\/div>\n\t\t\t\t<div class=\"elementor-column elementor-col-50 elementor-inner-column elementor-element elementor-element-6891ab8\" data-id=\"6891ab8\" data-element_type=\"column\">\n\t\t\t<div class=\"elementor-column-wrap\">\n\t\t\t\t\t\t\t<div class=\"elementor-widget-wrap\">\n\t\t\t\t\t\t\t\t<\/div>\n\t\t\t\t\t<\/div>\n\t\t<\/div>\n\t\t\t\t\t\t\t\t<\/div>\n\t\t\t\t\t<\/div>\n\t\t<\/section>\n\t\t\t\t<div class=\"elementor-element elementor-element-7b2b513 elementor-widget elementor-widget-spacer\" data-id=\"7b2b513\" data-element_type=\"widget\" data-widget_type=\"spacer.default\">\n\t\t\t\t<div class=\"elementor-widget-container\">\n\t\t\t\t\t<div class=\"elementor-spacer\">\n\t\t\t<div class=\"elementor-spacer-inner\"><\/div>\n\t\t<\/div>\n\t\t\t\t<\/div>\n\t\t\t\t<\/div>\n\t\t\t\t\t\t<\/div>\n\t\t\t\t\t<\/div>\n\t\t<\/div>\n\t\t\t\t<div class=\"elementor-column elementor-col-33 elementor-top-column elementor-element elementor-element-9d3815d\" data-id=\"9d3815d\" data-element_type=\"column\">\n\t\t\t<div class=\"elementor-column-wrap elementor-element-populated\">\n\t\t\t\t\t\t\t<div class=\"elementor-widget-wrap\">\n\t\t\t\t\t\t<div class=\"elementor-element elementor-element-12ecf79 elementor-widget elementor-widget-spacer\" data-id=\"12ecf79\" data-element_type=\"widget\" data-widget_type=\"spacer.default\">\n\t\t\t\t<div class=\"elementor-widget-container\">\n\t\t\t\t\t<div class=\"elementor-spacer\">\n\t\t\t<div class=\"elementor-spacer-inner\"><\/div>\n\t\t<\/div>\n\t\t\t\t<\/div>\n\t\t\t\t<\/div>\n\t\t\t\t<section class=\"elementor-section elementor-inner-section elementor-element elementor-element-0a6dcb4 elementor-section-content-bottom elementor-section-boxed elementor-section-height-default elementor-section-height-default\" data-id=\"0a6dcb4\" data-element_type=\"section\">\n\t\t\t\t\t\t<div class=\"elementor-container elementor-column-gap-default\">\n\t\t\t\t\t\t\t<div class=\"elementor-row\">\n\t\t\t\t\t<div class=\"elementor-column elementor-col-33 elementor-inner-column elementor-element elementor-element-6d98893\" data-id=\"6d98893\" data-element_type=\"column\">\n\t\t\t<div class=\"elementor-column-wrap\">\n\t\t\t\t\t\t\t<div class=\"elementor-widget-wrap\">\n\t\t\t\t\t\t\t\t<\/div>\n\t\t\t\t\t<\/div>\n\t\t<\/div>\n\t\t\t\t<div class=\"elementor-column elementor-col-33 elementor-inner-column elementor-element elementor-element-57ed0cf\" data-id=\"57ed0cf\" data-element_type=\"column\">\n\t\t\t<div class=\"elementor-column-wrap elementor-element-populated\">\n\t\t\t\t\t\t\t<div class=\"elementor-widget-wrap\">\n\t\t\t\t\t\t\t\t<\/div>\n\t\t\t\t\t<\/div>\n\t\t<\/div>\n\t\t\t\t<div class=\"elementor-column elementor-col-33 elementor-inner-column elementor-element elementor-element-fe780d8\" data-id=\"fe780d8\" data-element_type=\"column\">\n\t\t\t<div class=\"elementor-column-wrap elementor-element-populated\">\n\t\t\t\t\t\t\t<div class=\"elementor-widget-wrap\">\n\t\t\t\t\t\t<div class=\"elementor-element elementor-element-08a4ad5 elementor-widget elementor-widget-image\" data-id=\"08a4ad5\" data-element_type=\"widget\" data-widget_type=\"image.default\">\n\t\t\t\t<div class=\"elementor-widget-container\">\n\t\t\t\t\t<div class=\"elementor-image\">\n\t\t\t\t\t\t\t\t\t\t<img width=\"93\" height=\"93\" src=\"https:\/\/www.academie.dao-be.com\/wp-content\/uploads\/2020\/01\/DAO.png\" class=\"attachment-large size-large\" alt=\"\" loading=\"lazy\" \/>\t\t\t\t\t\t\t\t\t\t\t<\/div>\n\t\t\t\t<\/div>\n\t\t\t\t<\/div>\n\t\t\t\t\t\t<\/div>\n\t\t\t\t\t<\/div>\n\t\t<\/div>\n\t\t\t\t\t\t\t\t<\/div>\n\t\t\t\t\t<\/div>\n\t\t<\/section>\n\t\t\t\t\t\t<\/div>\n\t\t\t\t\t<\/div>\n\t\t<\/div>\n\t\t\t\t<div class=\"elementor-column elementor-col-33 elementor-top-column elementor-element elementor-element-f216d6c\" data-id=\"f216d6c\" data-element_type=\"column\" data-settings=\"{&quot;background_background&quot;:&quot;classic&quot;}\">\n\t\t\t<div class=\"elementor-column-wrap elementor-element-populated\">\n\t\t\t\t\t\t\t<div class=\"elementor-widget-wrap\">\n\t\t\t\t\t\t<div class=\"elementor-element elementor-element-d975e9f elementor-widget elementor-widget-spacer\" data-id=\"d975e9f\" data-element_type=\"widget\" data-widget_type=\"spacer.default\">\n\t\t\t\t<div class=\"elementor-widget-container\">\n\t\t\t\t\t<div class=\"elementor-spacer\">\n\t\t\t<div class=\"elementor-spacer-inner\"><\/div>\n\t\t<\/div>\n\t\t\t\t<\/div>\n\t\t\t\t<\/div>\n\t\t\t\t<div class=\"elementor-element elementor-element-09b317a elementor-widget elementor-widget-heading\" data-id=\"09b317a\" data-element_type=\"widget\" data-widget_type=\"heading.default\">\n\t\t\t\t<div class=\"elementor-widget-container\">\n\t\t\t<h3 class=\"elementor-heading-title elementor-size-default\">Informations<\/h3>\t\t<\/div>\n\t\t\t\t<\/div>\n\t\t\t\t<div class=\"elementor-element elementor-element-902e452 elementor-widget__width-inherit elementor-widget elementor-widget-text-editor\" data-id=\"902e452\" data-element_type=\"widget\" data-widget_type=\"text-editor.default\">\n\t\t\t\t<div class=\"elementor-widget-container\">\n\t\t\t\t\t<div class=\"elementor-text-editor elementor-clearfix\"><p><strong>Dur\u00e9e :<\/strong><br \/>\u00a0 \u00a0 1 jour\u00a0 ( 7 heures)<\/p><p><strong>Date et lieu :<\/strong><br \/>\u00a0 \u00a0 Sur demande<\/p><p><strong>Tarification :<\/strong><br \/>\u00a0 \u00a0 Sur demande<\/p><p><strong>Date et lieu :<\/strong><br \/>\u00a0 \u00a0 Sur demande<\/p><p><strong>Tarification :<\/strong><br \/>\u00a0 \u00a0 Sur demande<\/p><p><strong>Participants :<\/strong>\u00a0<\/p><p><strong>Pr\u00e9requis :<\/strong>\u00a0<\/p><p><strong>Objectif :<\/strong>\u00a0<\/p><p><strong>Nombre de personnes par session :<\/strong><br \/>\u00a0 \u00a0 1 \u00e0 5<\/p><p><strong>Mat\u00e9riels :<\/strong><br \/>\u00a0 \u00a0 1 ordinateur par personne<br \/>\u00a0 \u00a0 Supports de cours (informatique ou papier)<\/p><\/div>\n\t\t\t\t<\/div>\n\t\t\t\t<\/div>\n\t\t\t\t\t\t<\/div>\n\t\t\t\t\t<\/div>\n\t\t<\/div>\n\t\t\t\t\t\t\t\t<\/div>\n\t\t\t\t\t<\/div>\n\t\t<\/section>\n\t\t\t\t<section class=\"elementor-section elementor-top-section elementor-element elementor-element-bc367f3 elementor-section-stretched elementor-section-full_width elementor-section-height-default elementor-section-height-default\" data-id=\"bc367f3\" data-element_type=\"section\" data-settings=\"{&quot;stretch_section&quot;:&quot;section-stretched&quot;}\">\n\t\t\t\t\t\t<div class=\"elementor-container elementor-column-gap-default\">\n\t\t\t\t\t\t\t<div class=\"elementor-row\">\n\t\t\t\t\t<div class=\"elementor-column elementor-col-33 elementor-top-column elementor-element elementor-element-0e79e23\" data-id=\"0e79e23\" data-element_type=\"column\">\n\t\t\t<div class=\"elementor-column-wrap elementor-element-populated\">\n\t\t\t\t\t\t\t<div class=\"elementor-widget-wrap\">\n\t\t\t\t\t\t<div class=\"elementor-element elementor-element-b24361c elementor-widget elementor-widget-image\" data-id=\"b24361c\" data-element_type=\"widget\" data-widget_type=\"image.default\">\n\t\t\t\t<div class=\"elementor-widget-container\">\n\t\t\t\t\t<div class=\"elementor-image\">\n\t\t\t\t\t\t\t\t\t\t<img width=\"32\" height=\"38\" src=\"https:\/\/www.academie.dao-be.com\/wp-content\/uploads\/2020\/01\/Trac\u00e9-91.png\" class=\"attachment-full size-full\" alt=\"\" loading=\"lazy\" \/>\t\t\t\t\t\t\t\t\t\t\t<\/div>\n\t\t\t\t<\/div>\n\t\t\t\t<\/div>\n\t\t\t\t\t\t<\/div>\n\t\t\t\t\t<\/div>\n\t\t<\/div>\n\t\t\t\t<div class=\"elementor-column elementor-col-33 elementor-top-column elementor-element elementor-element-d2cb505\" data-id=\"d2cb505\" data-element_type=\"column\">\n\t\t\t<div class=\"elementor-column-wrap elementor-element-populated\">\n\t\t\t\t\t\t\t<div class=\"elementor-widget-wrap\">\n\t\t\t\t\t\t<div class=\"elementor-element elementor-element-24fe609 elementor-widget elementor-widget-heading\" data-id=\"24fe609\" data-element_type=\"widget\" data-widget_type=\"heading.default\">\n\t\t\t\t<div class=\"elementor-widget-container\">\n\t\t\t<h3 class=\"elementor-heading-title elementor-size-default\">Programme<\/h3>\t\t<\/div>\n\t\t\t\t<\/div>\n\t\t\t\t<div class=\"elementor-element elementor-element-8850ca9 elementor-widget-divider--view-line elementor-widget elementor-widget-divider\" data-id=\"8850ca9\" data-element_type=\"widget\" data-widget_type=\"divider.default\">\n\t\t\t\t<div class=\"elementor-widget-container\">\n\t\t\t\t\t<div class=\"elementor-divider\">\n\t\t\t<span class=\"elementor-divider-separator\">\n\t\t\t\t\t\t<\/span>\n\t\t<\/div>\n\t\t\t\t<\/div>\n\t\t\t\t<\/div>\n\t\t\t\t<div class=\"elementor-element elementor-element-35242d8 elementor-widget elementor-widget-text-editor\" data-id=\"35242d8\" data-element_type=\"widget\" data-widget_type=\"text-editor.default\">\n\t\t\t\t<div class=\"elementor-widget-container\">\n\t\t\t\t\t<div class=\"elementor-text-editor elementor-clearfix\"><p><strong>Les fonctions de base \u2013 r\u00e9visions<\/strong><br \/>\u2022 Le syst\u00e8me de coordonn\u00e9es absolu et relatifs, rectangulaires et polaires.<br \/>\u2022 Les raccourcis des commandes courantes : Ligne, Cercle, D\u00e9caler, Ajuster, Raccord<br \/>\u2022 La gestion des calques, couleurs types de lignes. notion de propri\u00e9t\u00e9s \u2013 ic\u00f4nes Calques II<\/p><p><br \/><strong>Les commandes \u00e9volu\u00e9es de construction et modification<\/strong><br \/>\u2022 \u00c9chelle, rotation avec R\u00e9f\u00e9rence, \u00e9tirer, etc..<br \/>\u2022 Utiliser les Champs automatiques pour les dates, nom de fichiers, surfaces, et cartouches<br \/>\u2022 Les tableaux et lignes de rep\u00e8re multiples<br \/>\u2022 Utilisation, cr\u00e9ation et modification des \u00e9l\u00e9ments de biblioth\u00e8que : les blocs et wblocs<br \/>\u2022 L\u2019habillage des plans : les hachures, le texte (implantation et polices de caract\u00e8re), les cotations (cr\u00e9ation et modification du style)<br \/>\u2022 Les pr\u00e9sentations et la mise en page &#8211; R\u00e9glage des param\u00e8tres traceur (configuration de traceur) : l\u2019espace papier \u2013 les \u00e9chelles de trac\u00e9.<br \/>\u2022 Imprimer et publier les documents (configuration et r\u00e9glage : fichiers CTB et STB)<\/p><p><br \/><strong>Optimisation \u2013 personnalisation &#8211; m\u00e9thodologie de travail<\/strong><br \/>\u2022 Personnaliser les menus, les ic\u00f4nes. R\u00e9glage des pr\u00e9f\u00e9rences \u2013 personnalisation des alias.<br \/>\u2022 Personnaliser l\u2019interface utilisateur ( menus CUI- Ruban etc..)<br \/>\u2022 L\u2019utilisation des r\u00e9f\u00e9rences externes (X-refs) : les fonds de plan.<br \/>\u2022 Chemins absolus et relatifs<br \/>\u2022 La d\u00e9limitation des Xrefs<br \/>\u2022 Cr\u00e9er des fichiers PDF pour l\u2019\u00e9change et la consultation de plans.<br \/>\u2022 Les m\u00e9thodes de classement des plans.<\/p><p><br \/><strong>Fonctionnalit\u00e9s diverses<\/strong><br \/>\u2022 Rappel sur les fonctions de polyligne : Editer et re-composer une polyligne.<br \/>\u2022 La commande Contour.<br \/>\u2022 Les SCU en suivant objet ou par 3 points<br \/>\u2022 Les fonctions Express et Lisps ajout\u00e9es dans ZWCAD<br \/>\u2022 L\u2019outil de comparaison des fichiers<br \/>\u2022 Le Smart Mouse\/ Smart Select<\/p><\/div>\n\t\t\t\t<\/div>\n\t\t\t\t<\/div>\n\t\t\t\t\t\t<\/div>\n\t\t\t\t\t<\/div>\n\t\t<\/div>\n\t\t\t\t<div class=\"elementor-column elementor-col-33 elementor-top-column elementor-element elementor-element-2ec03c7\" data-id=\"2ec03c7\" data-element_type=\"column\" data-settings=\"{&quot;background_background&quot;:&quot;classic&quot;}\">\n\t\t\t<div class=\"elementor-column-wrap elementor-element-populated\">\n\t\t\t\t\t\t\t<div class=\"elementor-widget-wrap\">\n\t\t\t\t\t\t<div class=\"elementor-element elementor-element-6099248 elementor-share-buttons--view-icon elementor-share-buttons--shape-circle elementor-share-buttons--align-center elementor-share-buttons--skin-gradient elementor-grid-0 elementor-share-buttons--color-official elementor-widget elementor-widget-share-buttons\" data-id=\"6099248\" data-element_type=\"widget\" data-widget_type=\"share-buttons.default\">\n\t\t\t\t<div class=\"elementor-widget-container\">\n\t\t\t\t\t<div class=\"elementor-grid\">\n\t\t\t\t\t\t\t<div class=\"elementor-grid-item\">\n\t\t\t\t\t<div class=\"elementor-share-btn elementor-share-btn_facebook\">\n\t\t\t\t\t\t\t\t\t\t\t\t\t<span class=\"elementor-share-btn__icon\">\n\t\t\t\t\t\t\t\t<i class=\"fab fa-facebook\" aria-hidden=\"true\"><\/i>\n\t\t\t\t\t\t\t\t<span class=\"elementor-screen-only\">Share on facebook<\/span>\n\t\t\t\t\t\t\t<\/span>\n\t\t\t\t\t\t\t\t\t\t\t\t\t\t\t\t\t<\/div>\n\t\t\t\t<\/div>\n\t\t\t\t\t\t\t\t<div class=\"elementor-grid-item\">\n\t\t\t\t\t<div class=\"elementor-share-btn elementor-share-btn_linkedin\">\n\t\t\t\t\t\t\t\t\t\t\t\t\t<span class=\"elementor-share-btn__icon\">\n\t\t\t\t\t\t\t\t<i class=\"fab fa-linkedin\" aria-hidden=\"true\"><\/i>\n\t\t\t\t\t\t\t\t<span class=\"elementor-screen-only\">Share on linkedin<\/span>\n\t\t\t\t\t\t\t<\/span>\n\t\t\t\t\t\t\t\t\t\t\t\t\t\t\t\t\t<\/div>\n\t\t\t\t<\/div>\n\t\t\t\t\t\t\t\t<div class=\"elementor-grid-item\">\n\t\t\t\t\t<div class=\"elementor-share-btn elementor-share-btn_email\">\n\t\t\t\t\t\t\t\t\t\t\t\t\t<span class=\"elementor-share-btn__icon\">\n\t\t\t\t\t\t\t\t<i class=\"fas fa-envelope\" aria-hidden=\"true\"><\/i>\n\t\t\t\t\t\t\t\t<span class=\"elementor-screen-only\">Share on email<\/span>\n\t\t\t\t\t\t\t<\/span>\n\t\t\t\t\t\t\t\t\t\t\t\t\t\t\t\t\t<\/div>\n\t\t\t\t<\/div>\n\t\t\t\t\t\t\t\t<div class=\"elementor-grid-item\">\n\t\t\t\t\t<div class=\"elementor-share-btn elementor-share-btn_whatsapp\">\n\t\t\t\t\t\t\t\t\t\t\t\t\t<span class=\"elementor-share-btn__icon\">\n\t\t\t\t\t\t\t\t<i class=\"fab fa-whatsapp\" aria-hidden=\"true\"><\/i>\n\t\t\t\t\t\t\t\t<span class=\"elementor-screen-only\">Share on whatsapp<\/span>\n\t\t\t\t\t\t\t<\/span>\n\t\t\t\t\t\t\t\t\t\t\t\t\t\t\t\t\t<\/div>\n\t\t\t\t<\/div>\n\t\t\t\t\t\t\t\t<div class=\"elementor-grid-item\">\n\t\t\t\t\t<div class=\"elementor-share-btn elementor-share-btn_print\">\n\t\t\t\t\t\t\t\t\t\t\t\t\t<span class=\"elementor-share-btn__icon\">\n\t\t\t\t\t\t\t\t<i class=\"fas fa-print\" aria-hidden=\"true\"><\/i>\n\t\t\t\t\t\t\t\t<span class=\"elementor-screen-only\">Share on print<\/span>\n\t\t\t\t\t\t\t<\/span>\n\t\t\t\t\t\t\t\t\t\t\t\t\t\t\t\t\t<\/div>\n\t\t\t\t<\/div>\n\t\t\t\t\t\t<\/div>\n\t\t\t\t<\/div>\n\t\t\t\t<\/div>\n\t\t\t\t<div class=\"elementor-element elementor-element-30fbb8c elementor-widget elementor-widget-spacer\" data-id=\"30fbb8c\" data-element_type=\"widget\" data-widget_type=\"spacer.default\">\n\t\t\t\t<div class=\"elementor-widget-container\">\n\t\t\t\t\t<div class=\"elementor-spacer\">\n\t\t\t<div class=\"elementor-spacer-inner\"><\/div>\n\t\t<\/div>\n\t\t\t\t<\/div>\n\t\t\t\t<\/div>\n\t\t\t\t<div class=\"elementor-element elementor-element-9e853f4 titreNiveau elementor-widget elementor-widget-heading\" data-id=\"9e853f4\" data-element_type=\"widget\" data-widget_type=\"heading.default\">\n\t\t\t\t<div class=\"elementor-widget-container\">\n\t\t\t<h4 class=\"elementor-heading-title elementor-size-default\">Perfectionnements<\/h4>\t\t<\/div>\n\t\t\t\t<\/div>\n\t\t\t\t\t\t<\/div>\n\t\t\t\t\t<\/div>\n\t\t<\/div>\n\t\t\t\t\t\t\t\t<\/div>\n\t\t\t\t\t<\/div>\n\t\t<\/section>\n\t\t\t\t\t\t<\/div>\n\t\t\t\t\t\t<\/div>\n\t\t\t\t\t<\/div>\n\t\t","protected":false},"excerpt":{"rendered":"<p>Lien pour inscription Lien pour inscription Lien pour inscription ZWCAD Niveau : Perfectionnement Informations Dur\u00e9e :\u00a0 \u00a0 1 jour\u00a0 ( 7 heures) Date et lieu :\u00a0 \u00a0 Sur demande Tarification :\u00a0 \u00a0 Sur demande Date et lieu :\u00a0 \u00a0 Sur demande Tarification :\u00a0 \u00a0 Sur demande Participants :\u00a0 Pr\u00e9requis :\u00a0 Objectif :\u00a0 Nombre de personnes [&hellip;]<\/p>\n","protected":false},"author":1,"featured_media":0,"parent":647,"menu_order":0,"comment_status":"closed","ping_status":"closed","template":"elementor_header_footer","meta":[],"yoast_head":"<!-- This site is optimized with the Yoast SEO plugin v15.6.2 - https:\/\/yoast.com\/wordpress\/plugins\/seo\/ -->\n<title>ZWCAD Perfectionnement -<\/title>\n<meta name=\"robots\" content=\"index, follow, max-snippet:-1, max-image-preview:large, max-video-preview:-1\" \/>\n<link rel=\"canonical\" href=\"https:\/\/www.academie.dao-be.com\/index.php\/formation\/formation-logiciel\/zwcad-perf\/\" \/>\n<meta property=\"og:locale\" content=\"en_US\" \/>\n<meta property=\"og:type\" content=\"article\" \/>\n<meta property=\"og:title\" content=\"ZWCAD Perfectionnement -\" \/>\n<meta property=\"og:description\" content=\"Lien pour inscription Lien pour inscription Lien pour inscription ZWCAD Niveau : Perfectionnement Informations Dur\u00e9e :\u00a0 \u00a0 1 jour\u00a0 ( 7 heures) Date et lieu :\u00a0 \u00a0 Sur demande Tarification :\u00a0 \u00a0 Sur demande Date et lieu :\u00a0 \u00a0 Sur demande Tarification :\u00a0 \u00a0 Sur demande Participants :\u00a0 Pr\u00e9requis :\u00a0 Objectif :\u00a0 Nombre de personnes [&hellip;]\" \/>\n<meta property=\"og:url\" content=\"https:\/\/www.academie.dao-be.com\/index.php\/formation\/formation-logiciel\/zwcad-perf\/\" \/>\n<meta property=\"article:modified_time\" content=\"2024-07-15T09:55:33+00:00\" \/>\n<meta property=\"og:image\" content=\"http:\/\/www.academie.dao-be.com\/wp-content\/uploads\/2020\/01\/DAO.png\" \/>\n<meta name=\"twitter:card\" content=\"summary_large_image\" \/>\n<meta name=\"twitter:label1\" content=\"Est. reading time\">\n\t<meta name=\"twitter:data1\" content=\"3 minutes\">\n<script type=\"application\/ld+json\" class=\"yoast-schema-graph\">{\"@context\":\"https:\/\/schema.org\",\"@graph\":[{\"@type\":\"WebSite\",\"@id\":\"https:\/\/www.academie.dao-be.com\/#website\",\"url\":\"https:\/\/www.academie.dao-be.com\/\",\"name\":\"\",\"description\":\"\",\"potentialAction\":[{\"@type\":\"SearchAction\",\"target\":\"https:\/\/www.academie.dao-be.com\/?s={search_term_string}\",\"query-input\":\"required name=search_term_string\"}],\"inLanguage\":\"en-US\"},{\"@type\":\"ImageObject\",\"@id\":\"https:\/\/www.academie.dao-be.com\/index.php\/formation\/formation-logiciel\/zwcad-perf\/#primaryimage\",\"inLanguage\":\"en-US\",\"url\":\"http:\/\/www.academie.dao-be.com\/wp-content\/uploads\/2020\/01\/DAO.png\"},{\"@type\":\"WebPage\",\"@id\":\"https:\/\/www.academie.dao-be.com\/index.php\/formation\/formation-logiciel\/zwcad-perf\/#webpage\",\"url\":\"https:\/\/www.academie.dao-be.com\/index.php\/formation\/formation-logiciel\/zwcad-perf\/\",\"name\":\"ZWCAD Perfectionnement -\",\"isPartOf\":{\"@id\":\"https:\/\/www.academie.dao-be.com\/#website\"},\"primaryImageOfPage\":{\"@id\":\"https:\/\/www.academie.dao-be.com\/index.php\/formation\/formation-logiciel\/zwcad-perf\/#primaryimage\"},\"datePublished\":\"2020-02-06T09:09:43+00:00\",\"dateModified\":\"2024-07-15T09:55:33+00:00\",\"inLanguage\":\"en-US\",\"potentialAction\":[{\"@type\":\"ReadAction\",\"target\":[\"https:\/\/www.academie.dao-be.com\/index.php\/formation\/formation-logiciel\/zwcad-perf\/\"]}]}]}<\/script>\n<!-- \/ Yoast SEO plugin. -->","_links":{"self":[{"href":"https:\/\/www.academie.dao-be.com\/index.php\/wp-json\/wp\/v2\/pages\/1052"}],"collection":[{"href":"https:\/\/www.academie.dao-be.com\/index.php\/wp-json\/wp\/v2\/pages"}],"about":[{"href":"https:\/\/www.academie.dao-be.com\/index.php\/wp-json\/wp\/v2\/types\/page"}],"author":[{"embeddable":true,"href":"https:\/\/www.academie.dao-be.com\/index.php\/wp-json\/wp\/v2\/users\/1"}],"replies":[{"embeddable":true,"href":"https:\/\/www.academie.dao-be.com\/index.php\/wp-json\/wp\/v2\/comments?post=1052"}],"version-history":[{"count":13,"href":"https:\/\/www.academie.dao-be.com\/index.php\/wp-json\/wp\/v2\/pages\/1052\/revisions"}],"predecessor-version":[{"id":3259,"href":"https:\/\/www.academie.dao-be.com\/index.php\/wp-json\/wp\/v2\/pages\/1052\/revisions\/3259"}],"up":[{"embeddable":true,"href":"https:\/\/www.academie.dao-be.com\/index.php\/wp-json\/wp\/v2\/pages\/647"}],"wp:attachment":[{"href":"https:\/\/www.academie.dao-be.com\/index.php\/wp-json\/wp\/v2\/media?parent=1052"}],"curies":[{"name":"wp","href":"https:\/\/api.w.org\/{rel}","templated":true}]}}